{"id":1915,"date":"2025-08-14T12:56:28","date_gmt":"2025-08-14T12:56:28","guid":{"rendered":"https:\/\/internationalbeachhotel.it\/conditions-generales-dutilisation\/"},"modified":"2026-04-09T13:32:14","modified_gmt":"2026-04-09T13:32:14","slug":"conditions-generales-dutilisation","status":"publish","type":"page","link":"https:\/\/internationalbeachhotel.it\/fr\/conditions-generales-dutilisation\/","title":{"rendered":"Conditions g\u00e9n\u00e9rales d&rsquo;utilisation"},"content":{"rendered":"\t\t<div data-elementor-type=\"wp-post\" data-elementor-id=\"1915\" class=\"elementor elementor-1915 elementor-1912\" data-elementor-post-type=\"page\">\n\t\t\t\t<div class=\"elementor-element elementor-element-1c768d3 e-con-full e-flex e-con e-parent\" data-id=\"1c768d3\" data-element_type=\"container\" data-settings=\"{&quot;background_background&quot;:&quot;classic&quot;}\">\n\t\t\t\t<div class=\"elementor-element elementor-element-24873b5 elementor-widget elementor-widget-text-editor\" data-id=\"24873b5\" data-element_type=\"widget\" data-widget_type=\"text-editor.default\">\n\t\t\t\t<div class=\"elementor-widget-container\">\n\t\t\t\t\t\t\t\t\t<p>Conditions g\u00e9n\u00e9rales d&rsquo;utilisation<\/p>\t\t\t\t\t\t\t\t<\/div>\n\t\t\t\t<\/div>\n\t\t\t\t<\/div>\n\t\t<div class=\"elementor-element elementor-element-f883afb e-con-full e-flex e-con e-parent\" data-id=\"f883afb\" data-element_type=\"container\" data-settings=\"{&quot;background_background&quot;:&quot;classic&quot;}\">\n\t\t<div class=\"elementor-element elementor-element-f7e212a e-con-full e-flex e-con e-child\" data-id=\"f7e212a\" data-element_type=\"container\">\n\t\t<div class=\"elementor-element elementor-element-15dee93 e-con-full e-flex e-con e-child\" data-id=\"15dee93\" data-element_type=\"container\">\n\t\t\t\t<div class=\"elementor-element elementor-element-d562b16 elementor-widget elementor-widget-text-editor\" data-id=\"d562b16\" data-element_type=\"widget\" data-widget_type=\"text-editor.default\">\n\t\t\t\t<div class=\"elementor-widget-container\">\n\t\t\t\t\t\t\t\t\t<p>Les prix comprennent la pension par personne et par jour, la plage r\u00e9serv\u00e9e avec parasol et deux chaises longues par chambre, la piscine, le climat, le wi-fi.<\/p><p>Hors frais de t\u00e9l\u00e9phone, boissons et taxe de s\u00e9jour (3,30 \u20ac\/personne\/jour \u00e0 partir de 6 ans pour un maximum de 10 nuits cons\u00e9cutives). La pension est prise en compte \u00e0 partir du premier repas pris le jour de l&rsquo;arriv\u00e9e jusqu&rsquo;au petit d\u00e9jeuner du jour du d\u00e9part. L&rsquo;absence de prise de repas ne donne pas lieu \u00e0 un remboursement. <\/p><p>Nous nous r\u00e9servons le droit de modifier les prix en cas d&rsquo;augmentation des co\u00fbts d&rsquo;exploitation.<\/p><p>Chaque r\u00e9servation doit \u00eatre sp\u00e9cifi\u00e9e du jour d&rsquo;arriv\u00e9e au jour de d\u00e9part.<\/p><p>La r\u00e9servation est consid\u00e9r\u00e9e comme d\u00e9finitive apr\u00e8s confirmation \u00e9crite de l&rsquo;h\u00f4tel et r\u00e9ception de l&rsquo;acompte et\/ou communication des coordonn\u00e9es d&rsquo;une carte de cr\u00e9dit valide et non rechargeable.<\/p><p>L&rsquo;enregistrement se fait \u00e0 partir de 13 heures.<\/p><p>Le d\u00e9part avec remise du parking, de la cl\u00e9 de la chambre et de la place de plage se fait avant 10 heures.<\/p><p><strong>DONN\u00c9ES BANCAIRES<\/strong><br>Banca Prealpi Sanbiagio &#8211; Caorle (VE) &#8211; Italie <br>IBAN : IT 57 R 08904 36020 05300 1008 382 &#8211; BIC : CCRTIT2TPRE<\/p><p><strong>CONDITIONS D&rsquo;ANNULATION<\/strong> <\/p><p>Il est possible d&rsquo;annuler une r\u00e9servation sans p\u00e9nalit\u00e9 dans les 15 jours suivant la date d&rsquo;arriv\u00e9e. <br>Les annulations effectu\u00e9es entre le 14e et le 7e jour \u00e0 compter de la date d&rsquo;arriv\u00e9e seront factur\u00e9es \u00e0 50 % <br>. Les annulations effectu\u00e9es entre le 6e et le 3e jour \u00e0 compter de la date d&rsquo;arriv\u00e9e seront factur\u00e9es \u00e0 85 %. <br>Les annulations effectu\u00e9es entre le 2e et le 1er jour \u00e0 compter de la date d&rsquo;arriv\u00e9e seront factur\u00e9es \u00e0 100 %.<\/p><div class=\"x_elementToProof\"><span data-olk-copy-source=\"MessageBody\">En cas de d\u00e9part anticip\u00e9 <\/span>ou d&rsquo;arriv\u00e9e tardive, le montant total du s\u00e9jour convenu sera factur\u00e9.<\/div><p><strong> <\/strong><\/p><p><strong>ZUSATZLEISTUNGEN<\/strong><\/p><p>Zus\u00e4tzliche Mahlzeit: ab 30,00 \u20ac pro Person<br>Einzelzimmer: 30,00 \u20ac pro Tag<br>Doppelzimmer zur Einzelnutzung: 60,00 \u20ac pro Tag<br>Zus\u00e4tzliches Fr\u00fchst\u00fcck: 18,00 \u20ac pro Person<br>Superior-Zimmer mit Blick auf den Pool: 5,00 \u20ac pro Zimmer und Tag<br>Deluxe-Zimmer mit Meerblick: 10,00 \u20ac pro Zimmer und Tag<br>Parkplatz: 7,00 \u20ac pro Fahrzeug und Tag<br>Wellness-Eintritt: 20,00 \u20ac pro Person<br>Hunde auf Anfrage: 20,00 \u20ac pro Tag f\u00fcr kleine Hunde, 30,00 \u20ac f\u00fcr mittelgro\u00dfe Hunde (ohne Futter)<\/p>\t\t\t\t\t\t\t\t<\/div>\n\t\t\t\t<\/div>\n\t\t\t\t<\/div>\n\t\t\t\t<\/div>\n\t\t\t\t<\/div>\n\t\t\t\t<\/div>\n\t\t","protected":false},"excerpt":{"rendered":"<p>Conditions g\u00e9n\u00e9rales d&rsquo;utilisation Les prix comprennent la pension par personne et par jour, la plage r\u00e9serv\u00e9e avec parasol et deux chaises longues par chambre, la piscine, le climat, le wi-fi. Hors frais de t\u00e9l\u00e9phone, boissons et taxe de s\u00e9jour (3,30 \u20ac\/personne\/jour \u00e0 partir de 6 ans pour un maximum de 10 nuits cons\u00e9cutives). La pension [&hellip;]<\/p>\n","protected":false},"author":1,"featured_media":0,"parent":0,"menu_order":0,"comment_status":"closed","ping_status":"closed","template":"elementor_header_footer","meta":{"_acf_changed":false,"footnotes":""},"class_list":["post-1915","page","type-page","status-publish","hentry"],"acf":[],"_links":{"self":[{"href":"https:\/\/internationalbeachhotel.it\/fr\/wp-json\/wp\/v2\/pages\/1915","targetHints":{"allow":["GET"]}}],"collection":[{"href":"https:\/\/internationalbeachhotel.it\/fr\/wp-json\/wp\/v2\/pages"}],"about":[{"href":"https:\/\/internationalbeachhotel.it\/fr\/wp-json\/wp\/v2\/types\/page"}],"author":[{"embeddable":true,"href":"https:\/\/internationalbeachhotel.it\/fr\/wp-json\/wp\/v2\/users\/1"}],"replies":[{"embeddable":true,"href":"https:\/\/internationalbeachhotel.it\/fr\/wp-json\/wp\/v2\/comments?post=1915"}],"version-history":[{"count":5,"href":"https:\/\/internationalbeachhotel.it\/fr\/wp-json\/wp\/v2\/pages\/1915\/revisions"}],"predecessor-version":[{"id":2029,"href":"https:\/\/internationalbeachhotel.it\/fr\/wp-json\/wp\/v2\/pages\/1915\/revisions\/2029"}],"wp:attachment":[{"href":"https:\/\/internationalbeachhotel.it\/fr\/wp-json\/wp\/v2\/media?parent=1915"}],"curies":[{"name":"wp","href":"https:\/\/api.w.org\/{rel}","templated":true}]}}