{"id":1455,"date":"2025-07-18T16:04:57","date_gmt":"2025-07-18T16:04:57","guid":{"rendered":"https:\/\/new.internationalbeachhotel.it\/ou-nous-sommes\/"},"modified":"2025-08-13T16:07:06","modified_gmt":"2025-08-13T16:07:06","slug":"ou-nous-sommes","status":"publish","type":"page","link":"https:\/\/internationalbeachhotel.it\/fr\/ou-nous-sommes\/","title":{"rendered":"O\u00f9 nous sommes"},"content":{"rendered":"\t\t<div data-elementor-type=\"wp-post\" data-elementor-id=\"1455\" class=\"elementor elementor-1455 elementor-557\" data-elementor-post-type=\"page\">\n\t\t\t\t<div class=\"elementor-element elementor-element-1c768d3 e-con-full e-flex e-con e-parent\" data-id=\"1c768d3\" data-element_type=\"container\" data-settings=\"{&quot;background_background&quot;:&quot;classic&quot;}\">\n\t\t\t\t<div class=\"elementor-element elementor-element-24873b5 elementor-widget elementor-widget-text-editor\" data-id=\"24873b5\" data-element_type=\"widget\" data-widget_type=\"text-editor.default\">\n\t\t\t\t<div class=\"elementor-widget-container\">\n\t\t\t\t\t\t\t\t\t<p>O\u00f9 nous sommes<\/p>\t\t\t\t\t\t\t\t<\/div>\n\t\t\t\t<\/div>\n\t\t\t\t<div class=\"elementor-element elementor-element-483825b elementor-widget elementor-widget-text-editor\" data-id=\"483825b\" data-element_type=\"widget\" data-widget_type=\"text-editor.default\">\n\t\t\t\t<div class=\"elementor-widget-container\">\n\t\t\t\t\t\t\t\t\t<p>COMMENT NOUS JOINDRE<\/p>\t\t\t\t\t\t\t\t<\/div>\n\t\t\t\t<\/div>\n\t\t\t\t<\/div>\n\t\t<div class=\"elementor-element elementor-element-f883afb e-con-full e-flex e-con e-parent\" data-id=\"f883afb\" data-element_type=\"container\" data-settings=\"{&quot;background_background&quot;:&quot;classic&quot;}\">\n\t\t<div class=\"elementor-element elementor-element-f7e212a e-con-full e-flex e-con e-child\" data-id=\"f7e212a\" data-element_type=\"container\">\n\t\t\t\t<div class=\"elementor-element elementor-element-ecf43ea elementor-invisible elementor-widget elementor-widget-text-editor\" data-id=\"ecf43ea\" data-element_type=\"widget\" data-settings=\"{&quot;_animation&quot;:&quot;fadeInUp&quot;}\" data-widget_type=\"text-editor.default\">\n\t\t\t\t<div class=\"elementor-widget-container\">\n\t\t\t\t\t\t\t\t\t<p><b>D\u00e9couvrez notre emplacement et comment vous rendre \u00e0 l&rsquo;International Beach Hotel.  <br><\/b>L&rsquo;h\u00f4tel est situ\u00e9 sur la Viale Santa Margherita, 57 \u00e0 Caorle, \u00e0 quelques pas de la belle plage de Ponente. De juin \u00e0 septembre, l&rsquo;avenue est transform\u00e9e en une magnifique \u00eele pi\u00e9tonne qui vous permet de rejoindre le centre historique de Caorle en quelques pas.   <\/p>\t\t\t\t\t\t\t\t<\/div>\n\t\t\t\t<\/div>\n\t\t\t\t<\/div>\n\t\t\t\t<\/div>\n\t\t<div class=\"elementor-element elementor-element-d00031d e-flex e-con-boxed e-con e-parent\" data-id=\"d00031d\" data-element_type=\"container\">\n\t\t\t\t\t<div class=\"e-con-inner\">\n\t\t\t\t<div class=\"elementor-element elementor-element-e8adfda elementor-widget elementor-widget-html\" data-id=\"e8adfda\" data-element_type=\"widget\" data-widget_type=\"html.default\">\n\t\t\t\t<div class=\"elementor-widget-container\">\n\t\t\t\t\t<iframe frameborder=\"0\" height=\"400\" scrolling=\"no\" src=\"https:\/\/www.alfa.it\/cesco\/univers.php?x=45.596502212302404&amp;y=12.878430685509434&amp;zoom=16&amp;testo=%3CB%3EHotel%20International%20Beach%3C\/b%3E%3Cbr%3EViale%20Santa%20Margherita,%2057%3Cbr%3ECAORLE%20%28VE%29&amp;w=100%&amp;h=400\" width=\"100%\"><\/iframe>\t\t\t\t<\/div>\n\t\t\t\t<\/div>\n\t\t\t\t\t<\/div>\n\t\t\t\t<\/div>\n\t\t<div class=\"elementor-element elementor-element-8565017 e-flex e-con-boxed e-con e-parent\" data-id=\"8565017\" data-element_type=\"container\">\n\t\t\t\t\t<div class=\"e-con-inner\">\n\t\t<div class=\"elementor-element elementor-element-182e081 e-con-full e-flex e-con e-child\" data-id=\"182e081\" data-element_type=\"container\">\n\t\t\t\t<div class=\"elementor-element elementor-element-0c5d1ca elementor-widget elementor-widget-text-editor\" data-id=\"0c5d1ca\" data-element_type=\"widget\" data-widget_type=\"text-editor.default\">\n\t\t\t\t<div class=\"elementor-widget-container\">\n\t\t\t\t\t\t\t\t\t<p>De juin \u00e0 septembre, la Viale Santa Margherita devient une zone pi\u00e9tonne, de sorte que les personnes devant se rendre \u00e0 l&rsquo;h\u00f4tel apr\u00e8s 20 heures devront emprunter un itin\u00e9raire alternatif. Pour vous aider, nous avons pr\u00e9par\u00e9 un sch\u00e9ma r\u00e9sumant les itin\u00e9raires \u00e0 emprunter avant et apr\u00e8s 20 heures. Pour toute information, la r\u00e9ception de l&rsquo;h\u00f4tel est \u00e0 votre disposition.  <\/p>\n<p><b>Cliquez sur les images pour t\u00e9l\u00e9charger la version PDF.<\/b><\/p>\t\t\t\t\t\t\t\t<\/div>\n\t\t\t\t<\/div>\n\t\t\t\t<\/div>\n\t\t<div class=\"elementor-element elementor-element-874230f e-con-full e-flex e-con e-child\" data-id=\"874230f\" data-element_type=\"container\">\n\t\t<div class=\"elementor-element elementor-element-e4d24f5 e-con-full e-flex e-con e-child\" data-id=\"e4d24f5\" data-element_type=\"container\">\n\t\t\t\t<div class=\"elementor-element elementor-element-50ffed3 elementor-widget elementor-widget-image\" data-id=\"50ffed3\" data-element_type=\"widget\" data-widget_type=\"image.default\">\n\t\t\t\t<div class=\"elementor-widget-container\">\n\t\t\t\t\t\t\t\t\t\t\t\t\t\t\t\t<a href=\"https:\/\/internationalbeachhotel.it\/wp-content\/uploads\/2025\/07\/mappa-nuovo-percorso-giorno.pdf\">\n\t\t\t\t\t\t\t<img fetchpriority=\"high\" decoding=\"async\" width=\"800\" height=\"555\" src=\"https:\/\/internationalbeachhotel.it\/wp-content\/uploads\/2025\/07\/mappa-nuovo-percorso-giorno-1024x711.jpg\" class=\"attachment-large size-large wp-image-1227\" alt=\"\" srcset=\"https:\/\/internationalbeachhotel.it\/wp-content\/uploads\/2025\/07\/mappa-nuovo-percorso-giorno-1024x711.jpg 1024w, https:\/\/internationalbeachhotel.it\/wp-content\/uploads\/2025\/07\/mappa-nuovo-percorso-giorno-300x208.jpg 300w, https:\/\/internationalbeachhotel.it\/wp-content\/uploads\/2025\/07\/mappa-nuovo-percorso-giorno-768x533.jpg 768w, https:\/\/internationalbeachhotel.it\/wp-content\/uploads\/2025\/07\/mappa-nuovo-percorso-giorno-1536x1066.jpg 1536w, https:\/\/internationalbeachhotel.it\/wp-content\/uploads\/2025\/07\/mappa-nuovo-percorso-giorno.jpg 2000w\" sizes=\"(max-width: 800px) 100vw, 800px\" \/>\t\t\t\t\t\t\t\t<\/a>\n\t\t\t\t\t\t\t\t\t\t\t\t\t\t\t<\/div>\n\t\t\t\t<\/div>\n\t\t\t\t<\/div>\n\t\t<div class=\"elementor-element elementor-element-3dd43f0 e-con-full e-flex e-con e-child\" data-id=\"3dd43f0\" data-element_type=\"container\">\n\t\t\t\t<div class=\"elementor-element elementor-element-9b94f2e elementor-widget elementor-widget-image\" data-id=\"9b94f2e\" data-element_type=\"widget\" data-widget_type=\"image.default\">\n\t\t\t\t<div class=\"elementor-widget-container\">\n\t\t\t\t\t\t\t\t\t\t\t\t\t\t\t\t<a href=\"https:\/\/internationalbeachhotel.it\/wp-content\/uploads\/2025\/07\/mappa-nuovo-percorso-sera.pdf\">\n\t\t\t\t\t\t\t<img decoding=\"async\" width=\"800\" height=\"555\" src=\"https:\/\/internationalbeachhotel.it\/wp-content\/uploads\/2025\/07\/mappa-nuovo-percorso-sera-1024x710.jpg\" class=\"attachment-large size-large wp-image-1230\" alt=\"\" srcset=\"https:\/\/internationalbeachhotel.it\/wp-content\/uploads\/2025\/07\/mappa-nuovo-percorso-sera-1024x710.jpg 1024w, https:\/\/internationalbeachhotel.it\/wp-content\/uploads\/2025\/07\/mappa-nuovo-percorso-sera-300x208.jpg 300w, https:\/\/internationalbeachhotel.it\/wp-content\/uploads\/2025\/07\/mappa-nuovo-percorso-sera-768x533.jpg 768w, https:\/\/internationalbeachhotel.it\/wp-content\/uploads\/2025\/07\/mappa-nuovo-percorso-sera-1536x1065.jpg 1536w, https:\/\/internationalbeachhotel.it\/wp-content\/uploads\/2025\/07\/mappa-nuovo-percorso-sera-2048x1421.jpg 2048w\" sizes=\"(max-width: 800px) 100vw, 800px\" \/>\t\t\t\t\t\t\t\t<\/a>\n\t\t\t\t\t\t\t\t\t\t\t\t\t\t\t<\/div>\n\t\t\t\t<\/div>\n\t\t\t\t<\/div>\n\t\t\t\t<\/div>\n\t\t\t\t\t<\/div>\n\t\t\t\t<\/div>\n\t\t<div class=\"elementor-element elementor-element-98bec34 e-flex e-con-boxed e-con e-parent\" data-id=\"98bec34\" data-element_type=\"container\">\n\t\t\t\t\t<div class=\"e-con-inner\">\n\t\t\t\t<div class=\"elementor-element elementor-element-cf76dc8 elementor-widget elementor-widget-heading\" data-id=\"cf76dc8\" data-element_type=\"widget\" data-widget_type=\"heading.default\">\n\t\t\t\t<div class=\"elementor-widget-container\">\n\t\t\t\t\t<h2 class=\"elementor-heading-title elementor-size-default\">Comment se rendre \u00e0 Caorle<\/h2>\t\t\t\t<\/div>\n\t\t\t\t<\/div>\n\t\t<div class=\"elementor-element elementor-element-74ba41f e-con-full e-flex e-con e-child\" data-id=\"74ba41f\" data-element_type=\"container\">\n\t\t<div class=\"elementor-element elementor-element-dd55895 e-con-full e-flex e-con e-child\" data-id=\"dd55895\" data-element_type=\"container\">\n\t\t\t\t<div class=\"elementor-element elementor-element-d10463d elementor-view-default elementor-position-top elementor-mobile-position-top elementor-widget elementor-widget-icon-box\" data-id=\"d10463d\" data-element_type=\"widget\" data-widget_type=\"icon-box.default\">\n\t\t\t\t<div class=\"elementor-widget-container\">\n\t\t\t\t\t\t\t<div class=\"elementor-icon-box-wrapper\">\n\n\t\t\t\t\t\t<div class=\"elementor-icon-box-icon\">\n\t\t\t\t<span  class=\"elementor-icon\">\n\t\t\t\t<svg xmlns=\"http:\/\/www.w3.org\/2000\/svg\" id=\"Layer_1\" viewBox=\"0 0 100 100\"><path d=\"m90.37 20.56c-3.44-.83-8.61-.77-11.83 1.32-4.21 2.72-52.27 33.85-57.46 37.2l-9.96-4.39c-.29-.13-.63-.11-.9.05l-4.28 2.48c-.27.16-.45.43-.49.74s.07.62.29.84l9.29 9.08-2.91 6.81c-.16.37-.08.79.2 1.08.19.2.46.31.72.31.12 0 .24-.02.35-.06l5.42-2.02c.15-.05.28-.14.38-.25l5.9-6.31 23.02-12.02 3.49 23.67c.05.33.26.61.55.75.14.07.29.1.43.1.17 0 .35-.04.5-.13l4.05-2.35c.21-.12.37-.32.45-.55l10.44-31.84 21.13-13.79c1.78-1.16 7.2-4.7 4.86-8.74-.62-1.06-2.32-1.67-3.64-1.98zm-2.32 9.04-19.04 12.43.64-1.95c.17-.52-.11-1.09-.64-1.26-.52-.17-1.09.11-1.26.64l-11.96 36.46-2.44 1.42-4.02-27.25c-.08-.55-.59-.92-1.14-.84s-.92.59-.84 1.14l.43 2.94-23.79 12.41c-.1.05-.19.12-.27.2l-5.86 6.27-3.01 1.12 2.27-5.3c.16-.38.07-.82-.22-1.11l-8.83-8.64 2.7-1.56 9.99 4.4c.33.14.69.1.96-.08.96-.62 53.49-34.64 57.9-37.49 2.61-1.69 7.15-1.81 10.28-1.06 1.68.4 2.3.9 2.38 1.04.34.6 1.39 2.41-4.23 6.07z\"><\/path><path d=\"m28.19 32.43 13.86 9.81c.18.12.38.18.58.18.31 0 .62-.15.82-.42.32-.45.21-1.07-.24-1.39l-12.58-8.91 2.45-1.42 25.99 1.21c.55.02 1.02-.4 1.05-.95s-.4-1.02-.95-1.05l-26.29-1.22c-.19 0-.38.04-.55.13l-4.05 2.35c-.29.17-.48.48-.5.82s.13.66.41.86z\"><\/path><\/svg>\t\t\t\t<\/span>\n\t\t\t<\/div>\n\t\t\t\n\t\t\t\t\t\t<div class=\"elementor-icon-box-content\">\n\n\t\t\t\t\t\t\t\t\t<h3 class=\"elementor-icon-box-title\">\n\t\t\t\t\t\t<span  >\n\t\t\t\t\t\t\tPar avion\t\t\t\t\t\t<\/span>\n\t\t\t\t\t<\/h3>\n\t\t\t\t\n\t\t\t\t\t\t\t\t\t<p class=\"elementor-icon-box-description\">\n\t\t\t\t\t\tEn avion, atterrissage \u00e0 l'a\u00e9roport Marco Polo de Venise ou \u00e0 l'a\u00e9roport de Tr\u00e9vise, puis en bus jusqu'\u00e0 Caorle.\n<br><br>LINK VENICE AIRPORT<br>LINK TREVISO AIRPORT\t\t\t\t\t<\/p>\n\t\t\t\t\n\t\t\t<\/div>\n\t\t\t\n\t\t<\/div>\n\t\t\t\t\t\t<\/div>\n\t\t\t\t<\/div>\n\t\t\t\t<div class=\"elementor-element elementor-element-88564b9 elementor-view-default elementor-position-top elementor-mobile-position-top elementor-widget elementor-widget-icon-box\" data-id=\"88564b9\" data-element_type=\"widget\" data-widget_type=\"icon-box.default\">\n\t\t\t\t<div class=\"elementor-widget-container\">\n\t\t\t\t\t\t\t<div class=\"elementor-icon-box-wrapper\">\n\n\t\t\t\t\t\t<div class=\"elementor-icon-box-icon\">\n\t\t\t\t<span  class=\"elementor-icon\">\n\t\t\t\t<svg xmlns=\"http:\/\/www.w3.org\/2000\/svg\" id=\"Layer_1\" height=\"100\" viewBox=\"0 0 100 100\" width=\"100\"><g style=\"fill:none;stroke:#000;stroke-linecap:round;stroke-linejoin:round;stroke-miterlimit:10;stroke-width:2\"><circle cx=\"27.501\" cy=\"61.251\" r=\"7.5\"><\/circle><circle cx=\"72.501\" cy=\"61.251\" r=\"7.5\"><\/circle><path d=\"m90 53.752c0-1.102-.22-2.148-.618-3.109-.411-.992-1.011-1.888-1.759-2.635-.749-.748-1.643-1.348-2.635-1.758l-14.988-2.5h-60v9.998c0 4.142 3.359 7.501 7.5 7.501v.002h2.501c0-4.143 3.358-7.501 7.5-7.501s7.5 3.358 7.5 7.501h30c0-4.143 3.356-7.501 7.5-7.501 4.143 0 7.5 3.358 7.5 7.501h2.498c4.143 0 7.501-3.359 7.501-7.499z\"><\/path><path d=\"m10 43.75h60l-15-12.5h-19.999z\"><\/path><path d=\"m45.001 31.25v12.5z\"><\/path><path d=\"m48.247 50h5.001z\"><\/path><\/g><\/svg>\t\t\t\t<\/span>\n\t\t\t<\/div>\n\t\t\t\n\t\t\t\t\t\t<div class=\"elementor-icon-box-content\">\n\n\t\t\t\t\t\t\t\t\t<h3 class=\"elementor-icon-box-title\">\n\t\t\t\t\t\t<span  >\n\t\t\t\t\t\t\tEn voiture\t\t\t\t\t\t<\/span>\n\t\t\t\t\t<\/h3>\n\t\t\t\t\n\t\t\t\t\t\t\t\t\t<p class=\"elementor-icon-box-description\">\n\t\t\t\t\t\tEn voiture, prendre l'autoroute A4 jusqu'\u00e0 la sortie S.Stino di Livenza. Caorle se trouve \u00e0 environ 20 km de la sortie de l'autoroute. <br><br>\nLIENS AUTOROUTES ITALIENNES\t\t\t\t\t<\/p>\n\t\t\t\t\n\t\t\t<\/div>\n\t\t\t\n\t\t<\/div>\n\t\t\t\t\t\t<\/div>\n\t\t\t\t<\/div>\n\t\t\t\t<\/div>\n\t\t<div class=\"elementor-element elementor-element-39fe9e0 e-con-full e-flex e-con e-child\" data-id=\"39fe9e0\" data-element_type=\"container\">\n\t\t\t\t<div class=\"elementor-element elementor-element-85862a2 elementor-view-default elementor-position-top elementor-mobile-position-top elementor-widget elementor-widget-icon-box\" data-id=\"85862a2\" data-element_type=\"widget\" data-widget_type=\"icon-box.default\">\n\t\t\t\t<div class=\"elementor-widget-container\">\n\t\t\t\t\t\t\t<div class=\"elementor-icon-box-wrapper\">\n\n\t\t\t\t\t\t<div class=\"elementor-icon-box-icon\">\n\t\t\t\t<span  class=\"elementor-icon\">\n\t\t\t\t<svg xmlns=\"http:\/\/www.w3.org\/2000\/svg\" id=\"Layer_1\" viewBox=\"0 0 100 100\"><path d=\"m8.9 84.06c.03.03.06.07.09.1.06.05.12.09.19.13.04.02.07.04.11.06.11.04.23.07.35.07h73.95c.55 0 1-.45 1-1s-.45-1-1-1h-73.17c-4.07-15.17-4.01-39.21.19-54.1 1.9-6.72 4.46-10.74 6.84-10.74 2.39 0 4.95 4.01 6.84 10.74.31 1.09.6 2.25.87 3.45.12.54.65.87 1.19.76.54-.12.88-.65.76-1.19-.28-1.24-.58-2.44-.89-3.56-2.25-7.98-5.28-12.2-8.77-12.2-3.49 0-6.52 4.22-8.77 12.2-4.35 15.41-4.35 40.5 0 55.91.01.02.02.04.03.07l.06.12c.04.07.08.13.13.18z\"><\/path><path d=\"m93.48 59.7c-5.4-8.28-29.25-24.03-35.66-24.03h-44c-.55 0-1 .45-1 1s.45 1 1 1h44c6.15 0 27.47 14.62 33.28 21.94-31.37 2.33-33.95-5.11-37.18-14.48-.43-1.26-.88-2.56-1.41-3.88-.2-.51-.78-.76-1.3-.56-.51.2-.76.79-.56 1.3.51 1.28.95 2.55 1.37 3.79 3.38 9.81 6.86 16.29 28.23 16.29 3.51 0 7.52-.18 12.08-.54.16.36.25.69.25.97 0 12.48-18.04 12.84-20.1 12.84h-59.64c-.55 0-1 .45-1 1s.45 1 1 1h59.65c1.72 0 7.75-.18 13.13-2.5 5.86-2.53 8.96-6.79 8.96-12.34 0-.64-.27-1.39-.75-2.24-.05-.23-.17-.42-.35-.56z\"><\/path><path d=\"m40.96 59.5c2.76 0 5-2.24 5-5v-7.62c0-2.76-2.24-5-5-5h-8.62c-2.76 0-5 2.24-5 5v7.62c0 2.76 2.24 5 5 5zm-11.62-5v-7.62c0-1.65 1.35-3 3-3h8.62c1.65 0 3 1.35 3 3v7.62c0 1.65-1.35 3-3 3h-8.62c-1.65 0-3-1.35-3-3z\"><\/path><path d=\"m19.96 57.5h-7.62c-.55 0-1 .45-1 1s.45 1 1 1h7.62c2.76 0 5-2.24 5-5v-7.62c0-2.76-2.24-5-5-5h-7.62c-.55 0-1 .45-1 1s.45 1 1 1h7.62c1.65 0 3 1.35 3 3v7.62c0 1.65-1.34 3-3 3z\"><\/path><\/svg>\t\t\t\t<\/span>\n\t\t\t<\/div>\n\t\t\t\n\t\t\t\t\t\t<div class=\"elementor-icon-box-content\">\n\n\t\t\t\t\t\t\t\t\t<h3 class=\"elementor-icon-box-title\">\n\t\t\t\t\t\t<span  >\n\t\t\t\t\t\t\tEn train\t\t\t\t\t\t<\/span>\n\t\t\t\t\t<\/h3>\n\t\t\t\t\n\t\t\t\t\t\t\t\t\t<p class=\"elementor-icon-box-description\">\n\t\t\t\t\t\tEn train, ligne Venise-Trieste, descendre \u00e0 la gare de Portogruaro o\u00f9 un bus vous conduira \u00e0 votre destination\n<br><br>LINK TRENITALIA\t\t\t\t\t<\/p>\n\t\t\t\t\n\t\t\t<\/div>\n\t\t\t\n\t\t<\/div>\n\t\t\t\t\t\t<\/div>\n\t\t\t\t<\/div>\n\t\t\t\t<div class=\"elementor-element elementor-element-308d5f1 elementor-view-default elementor-position-top elementor-mobile-position-top elementor-widget elementor-widget-icon-box\" data-id=\"308d5f1\" data-element_type=\"widget\" data-widget_type=\"icon-box.default\">\n\t\t\t\t<div class=\"elementor-widget-container\">\n\t\t\t\t\t\t\t<div class=\"elementor-icon-box-wrapper\">\n\n\t\t\t\t\t\t<div class=\"elementor-icon-box-icon\">\n\t\t\t\t<span  class=\"elementor-icon\">\n\t\t\t\t<svg xmlns=\"http:\/\/www.w3.org\/2000\/svg\" id=\"Layer_2\" viewBox=\"0 0 64 64\"><g><path d=\"m19 45.5c-1.3784008 0-2.5 1.1216049-2.5 2.5 0 1.3784065 1.1215992 2.5 2.5 2.5s2.5-1.1215935 2.5-2.5c0-1.3783951-1.1215992-2.5-2.5-2.5zm0 4c-.8271008 0-1.5-.6728935-1.5-1.5 0-.827095.6728992-1.5 1.5-1.5s1.5.672905 1.5 1.5c0 .8271065-.6728992 1.5-1.5 1.5z\"><\/path><path d=\"m49 45.5c-1.3783989 0-2.5 1.1216049-2.5 2.5 0 1.3784065 1.1216011 2.5 2.5 2.5s2.5-1.1215935 2.5-2.5c0-1.3783951-1.1216011-2.5-2.5-2.5zm0 4c-.8270988 0-1.5-.6728935-1.5-1.5 0-.827095.6729012-1.5 1.5-1.5s1.5.672905 1.5 1.5c0 .8271065-.6729012 1.5-1.5 1.5z\"><\/path><path d=\"m58.3700981 37.321804-2.8959999-14.4799976c-1.1083984-3.325201-3.6122971-3.3506012-5.6547966-3.3716011l-40.7949018.0297947c-.7035999-.0126934-1.3056998.2520008-1.7837.7261066-.4775.4735985-.7406998 1.1034985-.7406998 1.7738934v23c0 1.3784065 1.1216002 2.5 2.5 2.5h5.5504999c-.0186996.1663055-.0504999.328804-.0504999.5 0 2.4814034 2.0186005 4.5 4.5 4.5s4.5-2.0185966 4.5-4.5c0-.171196-.0317993-.3336945-.0505009-.5h21.1009999c-.0186997.1663055-.050499.328804-.050499.5 0 2.4814034 2.0186005 4.5 4.5 4.5s4.5-2.0185966 4.5-4.5c0-.171196-.0317993-.3336945-.050499-.5h2.550499c1.3783989 0 2.5-1.1215935 2.5-2.5v-.5-4-1.9101944c0-.4267006-.0453987-.8666992-.1299019-1.2680016zm-1.3834991-1.821804h-3.9167976c-.502903 0-.9673004-.2490005-1.2446022-.6688957l-.8178978-1.2164001c-.1400032-.211998-.3162003-.3875999-.5073013-.5439987v-9.5348988l4.0979996.0038986zm-43.986599-3c-.2758999 0-.5-.2240944-.5-.5v-8c0-.2758942.2241001-.5.4995003-.5l7.5004997.0071049v8.9928951zm8.5-8.9918938 9 .0086002v8.9832936h-9zm10 .0094986 9 .0086002v8.973795h-9zm10 .0096016 8 .0075989v9.0357018c-.1848984-.0432015-.375-.0705071-.5698013-.0705071h-7.4301987zm-22.5 27.9727936c-1.9297009 0-3.5-1.5702934-3.5-3.5 0-1.9296951 1.5702991-3.5 3.5-3.5s3.5 1.5703049 3.5 3.5c0 1.9297066-1.5702991 3.5-3.5 3.5zm30 0c-1.9296989 0-3.5-1.5702934-3.5-3.5 0-1.9296951 1.5703011-3.5 3.5-3.5s3.5 1.5703049 3.5 3.5c0 1.9297066-1.5703011 3.5-3.5 3.5zm8.5-8h-.5c-.2759018 0-.5-.2240944-.5-.5v-1c0-.2758942.2240982-.5.5-.5h.5zm-.5-3c-.8270988 0-1.5.672905-1.5 1.5v1c0 .8271065.6729012 1.5 1.5 1.5h.5v.5c0 .8271065-.6729012 1.5-1.5 1.5h-2.7764015c-.6211967-1.7421951-2.2706985-3-4.2235985-3s-3.6024017 1.2578049-4.2235985 3h-21.5528011c-.6212006-1.7421951-2.2707005-3-4.2236004-3s-3.6023998 1.2578049-4.2236004 3h-5.7763996c-.8270998 0-1.5-.6728935-1.5-1.5v-23c0-.4018936.1577001-.779295.4447999-1.0634937.2871003-.2851009.6264997-.4438 1.0757003-.4365063l40.8193016-.0297947c1.801899.0184002 3.509697.0412998 4.4456978 2.0692005l-41.2854996-.0394058c-.8270998 0-1.5.672905-1.5 1.5v8c0 .8271065.6729002 1.5 1.5 1.5h35.9301987c.502903 0 .9673004.2490005 1.2446022.6689072l.8178978 1.2164001c.4609031.6981964 1.2373008 1.1146927 2.0771026 1.1146927h4.116497l.2042999 1.0229073c.0658036.3107986.0944024.647499.1002008.9770927h-32.490799v1h32.5v1z\"><\/path><path d=\"m19 38.5h3v1h-3z\"><\/path><path d=\"m11 38.5h5v1h-5z\"><\/path><\/g><\/svg>\t\t\t\t<\/span>\n\t\t\t<\/div>\n\t\t\t\n\t\t\t\t\t\t<div class=\"elementor-icon-box-content\">\n\n\t\t\t\t\t\t\t\t\t<h3 class=\"elementor-icon-box-title\">\n\t\t\t\t\t\t<span  >\n\t\t\t\t\t\t\tEn bus\t\t\t\t\t\t<\/span>\n\t\t\t\t\t<\/h3>\n\t\t\t\t\n\t\t\t\t\t\t\t\t\t<p class=\"elementor-icon-box-description\">\n\t\t\t\t\t\tDepuis les localit\u00e9s voisines par les lignes de bus ATVO<br><br>\nLINK AUTOBUS ATVO\t\t\t\t\t<\/p>\n\t\t\t\t\n\t\t\t<\/div>\n\t\t\t\n\t\t<\/div>\n\t\t\t\t\t\t<\/div>\n\t\t\t\t<\/div>\n\t\t\t\t<\/div>\n\t\t\t\t<\/div>\n\t\t\t\t\t<\/div>\n\t\t\t\t<\/div>\n\t\t\t\t<\/div>\n\t\t","protected":false},"excerpt":{"rendered":"<p>O\u00f9 nous sommes COMMENT NOUS JOINDRE D\u00e9couvrez notre emplacement et comment vous rendre \u00e0 l&rsquo;International Beach Hotel. L&rsquo;h\u00f4tel est situ\u00e9 sur la Viale Santa Margherita, 57 \u00e0 Caorle, \u00e0 quelques pas de la belle plage de Ponente. De juin \u00e0 septembre, l&rsquo;avenue est transform\u00e9e en une magnifique \u00eele pi\u00e9tonne qui vous permet de rejoindre le [&hellip;]<\/p>\n","protected":false},"author":1,"featured_media":0,"parent":0,"menu_order":0,"comment_status":"closed","ping_status":"closed","template":"elementor_header_footer","meta":{"_acf_changed":false,"footnotes":""},"class_list":["post-1455","page","type-page","status-publish","hentry"],"acf":[],"_links":{"self":[{"href":"https:\/\/internationalbeachhotel.it\/fr\/wp-json\/wp\/v2\/pages\/1455","targetHints":{"allow":["GET"]}}],"collection":[{"href":"https:\/\/internationalbeachhotel.it\/fr\/wp-json\/wp\/v2\/pages"}],"about":[{"href":"https:\/\/internationalbeachhotel.it\/fr\/wp-json\/wp\/v2\/types\/page"}],"author":[{"embeddable":true,"href":"https:\/\/internationalbeachhotel.it\/fr\/wp-json\/wp\/v2\/users\/1"}],"replies":[{"embeddable":true,"href":"https:\/\/internationalbeachhotel.it\/fr\/wp-json\/wp\/v2\/comments?post=1455"}],"version-history":[{"count":2,"href":"https:\/\/internationalbeachhotel.it\/fr\/wp-json\/wp\/v2\/pages\/1455\/revisions"}],"predecessor-version":[{"id":1645,"href":"https:\/\/internationalbeachhotel.it\/fr\/wp-json\/wp\/v2\/pages\/1455\/revisions\/1645"}],"wp:attachment":[{"href":"https:\/\/internationalbeachhotel.it\/fr\/wp-json\/wp\/v2\/media?parent=1455"}],"curies":[{"name":"wp","href":"https:\/\/api.w.org\/{rel}","templated":true}]}}