{"id":1449,"date":"2025-07-24T08:21:59","date_gmt":"2025-07-24T08:21:59","guid":{"rendered":"https:\/\/new.internationalbeachhotel.it\/restaurant\/"},"modified":"2025-08-13T15:59:13","modified_gmt":"2025-08-13T15:59:13","slug":"restaurant","status":"publish","type":"page","link":"https:\/\/internationalbeachhotel.it\/fr\/restaurant\/","title":{"rendered":"Restaurant"},"content":{"rendered":"\t\t<div data-elementor-type=\"wp-post\" data-elementor-id=\"1449\" class=\"elementor elementor-1449 elementor-629\" data-elementor-post-type=\"page\">\n\t\t\t\t<div class=\"elementor-element elementor-element-1c768d3 e-con-full e-flex e-con e-parent\" data-id=\"1c768d3\" data-element_type=\"container\" data-settings=\"{&quot;background_background&quot;:&quot;classic&quot;}\">\n\t\t\t\t<div class=\"elementor-element elementor-element-24873b5 elementor-widget elementor-widget-text-editor\" data-id=\"24873b5\" data-element_type=\"widget\" data-widget_type=\"text-editor.default\">\n\t\t\t\t<div class=\"elementor-widget-container\">\n\t\t\t\t\t\t\t\t\t<p>Restaurant<\/p>\t\t\t\t\t\t\t\t<\/div>\n\t\t\t\t<\/div>\n\t\t\t\t<div class=\"elementor-element elementor-element-483825b elementor-widget elementor-widget-text-editor\" data-id=\"483825b\" data-element_type=\"widget\" data-widget_type=\"text-editor.default\">\n\t\t\t\t<div class=\"elementor-widget-container\">\n\t\t\t\t\t\t\t\t\t<p>Go\u00fbt, tradition et \u00e9l\u00e9gance<\/p>\t\t\t\t\t\t\t\t<\/div>\n\t\t\t\t<\/div>\n\t\t\t\t<\/div>\n\t\t<div class=\"elementor-element elementor-element-f883afb e-con-full e-flex e-con e-parent\" data-id=\"f883afb\" data-element_type=\"container\" data-settings=\"{&quot;background_background&quot;:&quot;classic&quot;}\">\n\t\t<div class=\"elementor-element elementor-element-f7e212a e-con-full e-flex elementor-invisible e-con e-child\" data-id=\"f7e212a\" data-element_type=\"container\" data-settings=\"{&quot;animation&quot;:&quot;fadeInDown&quot;}\">\n\t\t\t\t<div class=\"elementor-element elementor-element-ecf43ea elementor-invisible elementor-widget elementor-widget-text-editor\" data-id=\"ecf43ea\" data-element_type=\"widget\" data-settings=\"{&quot;_animation&quot;:&quot;fadeInUp&quot;}\" data-widget_type=\"text-editor.default\">\n\t\t\t\t<div class=\"elementor-widget-container\">\n\t\t\t\t\t\t\t\t\t<p>La restauration a toujours \u00e9t\u00e9 l&rsquo;un des <b>points forts de notre gestion<\/b>. En plus de d\u00e9guster les <b>plats typiques<\/b> de la tradition v\u00e9nitienne et \u00ab Caorlotta \u00bb, notre Chef vous surprendra par l&rsquo;association des saveurs et des ar\u00f4mes, sublim\u00e9e par la pr\u00e9sentation raffin\u00e9e des plats. Une attention particuli\u00e8re est port\u00e9e aux <b>mati\u00e8res premi\u00e8res de qualit\u00e9<\/b>, privil\u00e9giant les <b>produits locaux et biologiques en circuit court<\/b>. Nos menus au choix proposent des plats \u00e0 base de poisson, de viande et v\u00e9g\u00e9tariens + mini menu pour enfants. Buffet de salades et l\u00e9gumes cuits, d\u00e9licieux choix de desserts pr\u00e9par\u00e9s par notre p\u00e2tissier. Notre cuisine est \u00e9galement \u00e9quip\u00e9e pour la pr\u00e9paration de <b>plats sans gluten<\/b> pour nos clients c\u0153liaques ou pour toute autre intol\u00e9rance alimentaire.<\/p>\n<p>Nous sommes disponibles pour les <b>banquets de mariage<\/b>, les <b>r\u00e9ceptions<\/b> et la cuisine di\u00e9t\u00e9tique pour athl\u00e8tes\/sportifs.<\/p>\t\t\t\t\t\t\t\t<\/div>\n\t\t\t\t<\/div>\n\t\t\t\t<\/div>\n\t\t\t\t<\/div>\n\t\t<div class=\"elementor-element elementor-element-42897e3 e-con-full e-flex e-con e-parent\" data-id=\"42897e3\" data-element_type=\"container\">\n\t\t\t\t<div class=\"elementor-element elementor-element-80e8178 elementor-arrows-position-inside elementor-widget elementor-widget-image-carousel\" data-id=\"80e8178\" data-element_type=\"widget\" data-settings=\"{&quot;navigation&quot;:&quot;arrows&quot;,&quot;autoplay&quot;:&quot;yes&quot;,&quot;pause_on_hover&quot;:&quot;yes&quot;,&quot;pause_on_interaction&quot;:&quot;yes&quot;,&quot;autoplay_speed&quot;:5000,&quot;infinite&quot;:&quot;yes&quot;,&quot;speed&quot;:500}\" data-widget_type=\"image-carousel.default\">\n\t\t\t\t<div class=\"elementor-widget-container\">\n\t\t\t\t\t\t\t<div class=\"elementor-image-carousel-wrapper swiper\" role=\"region\" aria-roledescription=\"carousel\" aria-label=\"Caorle\" dir=\"ltr\">\n\t\t\t<div class=\"elementor-image-carousel swiper-wrapper\" aria-live=\"off\">\n\t\t\t\t\t\t\t\t<div class=\"swiper-slide\" role=\"group\" aria-roledescription=\"slide\" aria-label=\"1 sur 9\"><a data-elementor-open-lightbox=\"yes\" data-elementor-lightbox-slideshow=\"80e8178\" data-elementor-lightbox-title=\"IMG_8992_2000\" data-e-action-hash=\"#elementor-action%3Aaction%3Dlightbox%26settings%3DeyJpZCI6MTMwOCwidXJsIjoiaHR0cHM6XC9cL2ludGVybmF0aW9uYWxiZWFjaGhvdGVsLml0XC93cC1jb250ZW50XC91cGxvYWRzXC8yMDI1XC8wN1wvSU1HXzg5OTJfMjAwMC5qcGciLCJzbGlkZXNob3ciOiI4MGU4MTc4In0%3D\" href=\"https:\/\/internationalbeachhotel.it\/wp-content\/uploads\/2025\/07\/IMG_8992_2000.jpg\"><figure class=\"swiper-slide-inner\"><img decoding=\"async\" class=\"swiper-slide-image\" src=\"https:\/\/internationalbeachhotel.it\/wp-content\/uploads\/elementor\/thumbs\/IMG_8992_2000-r982s3mmh4nbaqwh1v9mqr1pe5g9t515xpcrvsclf4.jpg\" alt=\"IMG_8992_2000\" \/><\/figure><\/a><\/div><div class=\"swiper-slide\" role=\"group\" aria-roledescription=\"slide\" aria-label=\"2 sur 9\"><a data-elementor-open-lightbox=\"yes\" data-elementor-lightbox-slideshow=\"80e8178\" data-elementor-lightbox-title=\"IMG_9004_2000\" data-e-action-hash=\"#elementor-action%3Aaction%3Dlightbox%26settings%3DeyJpZCI6MTMxMSwidXJsIjoiaHR0cHM6XC9cL2ludGVybmF0aW9uYWxiZWFjaGhvdGVsLml0XC93cC1jb250ZW50XC91cGxvYWRzXC8yMDI1XC8wN1wvSU1HXzkwMDRfMjAwMC5qcGciLCJzbGlkZXNob3ciOiI4MGU4MTc4In0%3D\" href=\"https:\/\/internationalbeachhotel.it\/wp-content\/uploads\/2025\/07\/IMG_9004_2000.jpg\"><figure class=\"swiper-slide-inner\"><img decoding=\"async\" class=\"swiper-slide-image\" src=\"https:\/\/internationalbeachhotel.it\/wp-content\/uploads\/elementor\/thumbs\/IMG_9004_2000-r982s3mmh4nbaqwh1v9mqr1pe5g9t515xpcrvsclf4.jpg\" alt=\"IMG_9004_2000\" \/><\/figure><\/a><\/div><div class=\"swiper-slide\" role=\"group\" aria-roledescription=\"slide\" aria-label=\"3 sur 9\"><a data-elementor-open-lightbox=\"yes\" data-elementor-lightbox-slideshow=\"80e8178\" data-elementor-lightbox-title=\"IMG_9019_2000\" data-e-action-hash=\"#elementor-action%3Aaction%3Dlightbox%26settings%3DeyJpZCI6MTMxNCwidXJsIjoiaHR0cHM6XC9cL2ludGVybmF0aW9uYWxiZWFjaGhvdGVsLml0XC93cC1jb250ZW50XC91cGxvYWRzXC8yMDI1XC8wN1wvSU1HXzkwMTlfMjAwMC5qcGciLCJzbGlkZXNob3ciOiI4MGU4MTc4In0%3D\" href=\"https:\/\/internationalbeachhotel.it\/wp-content\/uploads\/2025\/07\/IMG_9019_2000.jpg\"><figure class=\"swiper-slide-inner\"><img decoding=\"async\" class=\"swiper-slide-image\" src=\"https:\/\/internationalbeachhotel.it\/wp-content\/uploads\/elementor\/thumbs\/IMG_9019_2000-r982s5iauspvxytqqw2vvqkmkx708j8mlynquc9t2o.jpg\" alt=\"IMG_9019_2000\" \/><\/figure><\/a><\/div><div class=\"swiper-slide\" role=\"group\" aria-roledescription=\"slide\" aria-label=\"4 sur 9\"><a data-elementor-open-lightbox=\"yes\" data-elementor-lightbox-slideshow=\"80e8178\" data-elementor-lightbox-title=\"IMG_9040_2000\" data-e-action-hash=\"#elementor-action%3Aaction%3Dlightbox%26settings%3DeyJpZCI6MTMxNywidXJsIjoiaHR0cHM6XC9cL2ludGVybmF0aW9uYWxiZWFjaGhvdGVsLml0XC93cC1jb250ZW50XC91cGxvYWRzXC8yMDI1XC8wN1wvSU1HXzkwNDBfMjAwMC5qcGciLCJzbGlkZXNob3ciOiI4MGU4MTc4In0%3D\" href=\"https:\/\/internationalbeachhotel.it\/wp-content\/uploads\/2025\/07\/IMG_9040_2000.jpg\"><figure class=\"swiper-slide-inner\"><img decoding=\"async\" class=\"swiper-slide-image\" src=\"https:\/\/internationalbeachhotel.it\/wp-content\/uploads\/elementor\/thumbs\/IMG_9040_2000-r982s5iauspvxytqqw2vvqkmkx708j8mlynquc9t2o.jpg\" alt=\"IMG_9040_2000\" \/><\/figure><\/a><\/div><div class=\"swiper-slide\" role=\"group\" aria-roledescription=\"slide\" aria-label=\"5 sur 9\"><a data-elementor-open-lightbox=\"yes\" data-elementor-lightbox-slideshow=\"80e8178\" data-elementor-lightbox-title=\"IMG_8233_2000\" data-e-action-hash=\"#elementor-action%3Aaction%3Dlightbox%26settings%3DeyJpZCI6MTMyMCwidXJsIjoiaHR0cHM6XC9cL2ludGVybmF0aW9uYWxiZWFjaGhvdGVsLml0XC93cC1jb250ZW50XC91cGxvYWRzXC8yMDI1XC8wN1wvSU1HXzgyMzNfMjAwMC5qcGciLCJzbGlkZXNob3ciOiI4MGU4MTc4In0%3D\" href=\"https:\/\/internationalbeachhotel.it\/wp-content\/uploads\/2025\/07\/IMG_8233_2000.jpg\"><figure class=\"swiper-slide-inner\"><img decoding=\"async\" class=\"swiper-slide-image\" src=\"https:\/\/internationalbeachhotel.it\/wp-content\/uploads\/elementor\/thumbs\/IMG_8233_2000-r982s7dz8gsgl6r0fww50q3jroxqnxg3a7ypsw70q8.jpg\" alt=\"IMG_8233_2000\" \/><\/figure><\/a><\/div><div class=\"swiper-slide\" role=\"group\" aria-roledescription=\"slide\" aria-label=\"6 sur 9\"><a data-elementor-open-lightbox=\"yes\" data-elementor-lightbox-slideshow=\"80e8178\" data-elementor-lightbox-title=\"IMG_8236_2000\" data-e-action-hash=\"#elementor-action%3Aaction%3Dlightbox%26settings%3DeyJpZCI6MTMyMywidXJsIjoiaHR0cHM6XC9cL2ludGVybmF0aW9uYWxiZWFjaGhvdGVsLml0XC93cC1jb250ZW50XC91cGxvYWRzXC8yMDI1XC8wN1wvSU1HXzgyMzZfMjAwMC5qcGciLCJzbGlkZXNob3ciOiI4MGU4MTc4In0%3D\" href=\"https:\/\/internationalbeachhotel.it\/wp-content\/uploads\/2025\/07\/IMG_8236_2000.jpg\"><figure class=\"swiper-slide-inner\"><img decoding=\"async\" class=\"swiper-slide-image\" src=\"https:\/\/internationalbeachhotel.it\/wp-content\/uploads\/elementor\/thumbs\/IMG_8236_2000-r982s7dz8gsgl6r0fww50q3jroxqnxg3a7ypsw70q8.jpg\" alt=\"IMG_8236_2000\" \/><\/figure><\/a><\/div><div class=\"swiper-slide\" role=\"group\" aria-roledescription=\"slide\" aria-label=\"7 sur 9\"><a data-elementor-open-lightbox=\"yes\" data-elementor-lightbox-slideshow=\"80e8178\" data-elementor-lightbox-title=\"Deep Fried Calamari Rings\" data-e-action-hash=\"#elementor-action%3Aaction%3Dlightbox%26settings%3DeyJpZCI6MTMyNiwidXJsIjoiaHR0cHM6XC9cL2ludGVybmF0aW9uYWxiZWFjaGhvdGVsLml0XC93cC1jb250ZW50XC91cGxvYWRzXC8yMDI1XC8wN1wvZGVlcC1mcmllZC1jYWxhbWFyaS1yaW5ncy1zY2FsZWQuanBnIiwic2xpZGVzaG93IjoiODBlODE3OCJ9\" href=\"https:\/\/internationalbeachhotel.it\/wp-content\/uploads\/2025\/07\/deep-fried-calamari-rings-scaled.jpg\"><figure class=\"swiper-slide-inner\"><img decoding=\"async\" class=\"swiper-slide-image\" src=\"https:\/\/internationalbeachhotel.it\/wp-content\/uploads\/elementor\/thumbs\/deep-fried-calamari-rings-scaled-r982sq6r15i71dzpe50oelcrned2xviq0t0feff59s.jpg\" alt=\"Deep Fried Calamari Rings\" \/><\/figure><\/a><\/div><div class=\"swiper-slide\" role=\"group\" aria-roledescription=\"slide\" aria-label=\"8 sur 9\"><a data-elementor-open-lightbox=\"yes\" data-elementor-lightbox-slideshow=\"80e8178\" data-elementor-lightbox-title=\"Salmon fillet meat steak with sauce in white plate\" data-e-action-hash=\"#elementor-action%3Aaction%3Dlightbox%26settings%3DeyJpZCI6MTMyOSwidXJsIjoiaHR0cHM6XC9cL2ludGVybmF0aW9uYWxiZWFjaGhvdGVsLml0XC93cC1jb250ZW50XC91cGxvYWRzXC8yMDI1XC8wN1wvc2FsbW9uLWZpbGxldC1tZWF0LXN0ZWFrLXdpdGgtc2F1Y2Utd2hpdGUtcGxhdGUtc2NhbGVkLmpwZyIsInNsaWRlc2hvdyI6IjgwZTgxNzgifQ%3D%3D\" href=\"https:\/\/internationalbeachhotel.it\/wp-content\/uploads\/2025\/07\/salmon-fillet-meat-steak-with-sauce-white-plate-scaled.jpg\"><figure class=\"swiper-slide-inner\"><img decoding=\"async\" class=\"swiper-slide-image\" src=\"https:\/\/internationalbeachhotel.it\/wp-content\/uploads\/elementor\/thumbs\/salmon-fillet-meat-steak-with-sauce-white-plate-scaled-r982sxpgjtshm9os689oyjggehc0ngckpu8b8n3zw0.jpg\" alt=\"Salmon fillet meat steak with sauce in white plate - Healthy food style\" \/><\/figure><\/a><\/div><div class=\"swiper-slide\" role=\"group\" aria-roledescription=\"slide\" aria-label=\"9 sur 9\"><a data-elementor-open-lightbox=\"yes\" data-elementor-lightbox-slideshow=\"80e8178\" data-elementor-lightbox-title=\"Homemade Italian pasta with cherry tomatoes and seafood. Pasta with fresh and tasty langoustines shrimp in a dark stylish bowl on a marble table. Food photo for menu or recipe. Restaurant\" data-e-action-hash=\"#elementor-action%3Aaction%3Dlightbox%26settings%3DeyJpZCI6MTMzMiwidXJsIjoiaHR0cHM6XC9cL2ludGVybmF0aW9uYWxiZWFjaGhvdGVsLml0XC93cC1jb250ZW50XC91cGxvYWRzXC8yMDI1XC8wN1wvaG9tZW1hZGUtaXRhbGlhbi1wYXN0YS13aXRoLWNoZXJyeS10b21hdG9lcy1zZWFmb29kLXBhc3RhLXdpdGgtZnJlc2gtdGFzdHktbGFuZ291c3RpbmVzLXNocmltcC1kYXJrLXN0eWxpc2gtYm93bC1tYXJibGUtdGFibGUtc2NhbGVkLmpwZyIsInNsaWRlc2hvdyI6IjgwZTgxNzgifQ%3D%3D\" href=\"https:\/\/internationalbeachhotel.it\/wp-content\/uploads\/2025\/07\/homemade-italian-pasta-with-cherry-tomatoes-seafood-pasta-with-fresh-tasty-langoustines-shrimp-dark-stylish-bowl-marble-table-scaled.jpg\"><figure class=\"swiper-slide-inner\"><img decoding=\"async\" class=\"swiper-slide-image\" src=\"https:\/\/internationalbeachhotel.it\/wp-content\/uploads\/elementor\/thumbs\/homemade-italian-pasta-with-cherry-tomatoes-seafood-pasta-with-fresh-tasty-langoustines-shrimp-dark-stylish-bowl-marble-table-scaled-r982t8zitu7xhl8ecd57sglzj3sf7tlcre24zyn9tc.jpg\" alt=\"Homemade Italian pasta with cherry tomatoes and seafood. Pasta with fresh and tasty langoustines shrimp in a dark stylish bowl on a marble table. Food photo for menu or recipe. Restaurant\" \/><\/figure><\/a><\/div>\t\t\t<\/div>\n\t\t\t\t\t\t\t\t\t\t\t\t<div class=\"elementor-swiper-button elementor-swiper-button-prev\" role=\"button\" tabindex=\"0\">\n\t\t\t\t\t\t<svg aria-hidden=\"true\" class=\"e-font-icon-svg e-eicon-chevron-left\" viewBox=\"0 0 1000 1000\" xmlns=\"http:\/\/www.w3.org\/2000\/svg\"><path d=\"M646 125C629 125 613 133 604 142L308 442C296 454 292 471 292 487 292 504 296 521 308 533L604 854C617 867 629 875 646 875 663 875 679 871 692 858 704 846 713 829 713 812 713 796 708 779 692 767L438 487 692 225C700 217 708 204 708 187 708 171 704 154 692 142 675 129 663 125 646 125Z\"><\/path><\/svg>\t\t\t\t\t<\/div>\n\t\t\t\t\t<div class=\"elementor-swiper-button elementor-swiper-button-next\" role=\"button\" tabindex=\"0\">\n\t\t\t\t\t\t<svg aria-hidden=\"true\" class=\"e-font-icon-svg e-eicon-chevron-right\" viewBox=\"0 0 1000 1000\" xmlns=\"http:\/\/www.w3.org\/2000\/svg\"><path d=\"M696 533C708 521 713 504 713 487 713 471 708 454 696 446L400 146C388 133 375 125 354 125 338 125 325 129 313 142 300 154 292 171 292 187 292 204 296 221 308 233L563 492 304 771C292 783 288 800 288 817 288 833 296 850 308 863 321 871 338 875 354 875 371 875 388 867 400 854L696 533Z\"><\/path><\/svg>\t\t\t\t\t<\/div>\n\t\t\t\t\n\t\t\t\t\t\t\t\t\t<\/div>\n\t\t\t\t\t\t<\/div>\n\t\t\t\t<\/div>\n\t\t\t\t<\/div>\n\t\t<div class=\"elementor-element elementor-element-d82062f e-con-full e-flex e-con e-parent\" data-id=\"d82062f\" data-element_type=\"container\">\n\t\t<div class=\"elementor-element elementor-element-7fbc0f1 e-con-full e-flex e-con e-child\" data-id=\"7fbc0f1\" data-element_type=\"container\">\n\t\t<div class=\"elementor-element elementor-element-e07d089 e-con-full e-flex elementor-invisible e-con e-child\" data-id=\"e07d089\" data-element_type=\"container\" data-settings=\"{&quot;background_background&quot;:&quot;classic&quot;,&quot;animation&quot;:&quot;fadeInRight&quot;}\">\n\t\t\t\t<div class=\"elementor-element elementor-element-40617fb elementor-arrows-position-inside elementor-widget elementor-widget-image-carousel\" data-id=\"40617fb\" data-element_type=\"widget\" data-settings=\"{&quot;slides_to_show&quot;:&quot;1&quot;,&quot;navigation&quot;:&quot;arrows&quot;,&quot;autoplay&quot;:&quot;yes&quot;,&quot;pause_on_hover&quot;:&quot;yes&quot;,&quot;pause_on_interaction&quot;:&quot;yes&quot;,&quot;autoplay_speed&quot;:5000,&quot;infinite&quot;:&quot;yes&quot;,&quot;effect&quot;:&quot;slide&quot;,&quot;speed&quot;:500}\" data-widget_type=\"image-carousel.default\">\n\t\t\t\t<div class=\"elementor-widget-container\">\n\t\t\t\t\t\t\t<div class=\"elementor-image-carousel-wrapper swiper\" role=\"region\" aria-roledescription=\"carousel\" aria-label=\"Carosello d&#039;immagini\" dir=\"ltr\">\n\t\t\t<div class=\"elementor-image-carousel swiper-wrapper\" aria-live=\"off\">\n\t\t\t\t\t\t\t\t<div class=\"swiper-slide\" role=\"group\" aria-roledescription=\"slide\" aria-label=\"1 sur 3\"><a data-elementor-open-lightbox=\"yes\" data-elementor-lightbox-slideshow=\"40617fb\" data-elementor-lightbox-title=\"_MG_6841_1600\" data-e-action-hash=\"#elementor-action%3Aaction%3Dlightbox%26settings%3DeyJpZCI6MTM1MywidXJsIjoiaHR0cHM6XC9cL2ludGVybmF0aW9uYWxiZWFjaGhvdGVsLml0XC93cC1jb250ZW50XC91cGxvYWRzXC8yMDI1XC8wN1wvTUdfNjg0MV8xNjAwLmpwZyIsInNsaWRlc2hvdyI6IjQwNjE3ZmIifQ%3D%3D\" href=\"https:\/\/internationalbeachhotel.it\/wp-content\/uploads\/2025\/07\/MG_6841_1600.jpg\"><figure class=\"swiper-slide-inner\"><img decoding=\"async\" class=\"swiper-slide-image\" src=\"https:\/\/internationalbeachhotel.it\/wp-content\/uploads\/2025\/07\/MG_6841_1600.jpg\" alt=\"_MG_6841_1600\" \/><\/figure><\/a><\/div><div class=\"swiper-slide\" role=\"group\" aria-roledescription=\"slide\" aria-label=\"2 sur 3\"><a data-elementor-open-lightbox=\"yes\" data-elementor-lightbox-slideshow=\"40617fb\" data-elementor-lightbox-title=\"_MG_6842_1600\" data-e-action-hash=\"#elementor-action%3Aaction%3Dlightbox%26settings%3DeyJpZCI6MTM1NiwidXJsIjoiaHR0cHM6XC9cL2ludGVybmF0aW9uYWxiZWFjaGhvdGVsLml0XC93cC1jb250ZW50XC91cGxvYWRzXC8yMDI1XC8wN1wvTUdfNjg0Ml8xNjAwLmpwZyIsInNsaWRlc2hvdyI6IjQwNjE3ZmIifQ%3D%3D\" href=\"https:\/\/internationalbeachhotel.it\/wp-content\/uploads\/2025\/07\/MG_6842_1600.jpg\"><figure class=\"swiper-slide-inner\"><img decoding=\"async\" class=\"swiper-slide-image\" src=\"https:\/\/internationalbeachhotel.it\/wp-content\/uploads\/2025\/07\/MG_6842_1600.jpg\" alt=\"_MG_6842_1600\" \/><\/figure><\/a><\/div><div class=\"swiper-slide\" role=\"group\" aria-roledescription=\"slide\" aria-label=\"3 sur 3\"><a data-elementor-open-lightbox=\"yes\" data-elementor-lightbox-slideshow=\"40617fb\" data-elementor-lightbox-title=\"_MG_6855_1600\" data-e-action-hash=\"#elementor-action%3Aaction%3Dlightbox%26settings%3DeyJpZCI6MTM1OSwidXJsIjoiaHR0cHM6XC9cL2ludGVybmF0aW9uYWxiZWFjaGhvdGVsLml0XC93cC1jb250ZW50XC91cGxvYWRzXC8yMDI1XC8wN1wvTUdfNjg1NV8xNjAwLmpwZyIsInNsaWRlc2hvdyI6IjQwNjE3ZmIifQ%3D%3D\" href=\"https:\/\/internationalbeachhotel.it\/wp-content\/uploads\/2025\/07\/MG_6855_1600.jpg\"><figure class=\"swiper-slide-inner\"><img decoding=\"async\" class=\"swiper-slide-image\" src=\"https:\/\/internationalbeachhotel.it\/wp-content\/uploads\/2025\/07\/MG_6855_1600.jpg\" alt=\"_MG_6855_1600\" \/><\/figure><\/a><\/div>\t\t\t<\/div>\n\t\t\t\t\t\t\t\t\t\t\t\t<div class=\"elementor-swiper-button elementor-swiper-button-prev\" role=\"button\" tabindex=\"0\">\n\t\t\t\t\t\t<svg aria-hidden=\"true\" class=\"e-font-icon-svg e-eicon-chevron-left\" viewBox=\"0 0 1000 1000\" xmlns=\"http:\/\/www.w3.org\/2000\/svg\"><path d=\"M646 125C629 125 613 133 604 142L308 442C296 454 292 471 292 487 292 504 296 521 308 533L604 854C617 867 629 875 646 875 663 875 679 871 692 858 704 846 713 829 713 812 713 796 708 779 692 767L438 487 692 225C700 217 708 204 708 187 708 171 704 154 692 142 675 129 663 125 646 125Z\"><\/path><\/svg>\t\t\t\t\t<\/div>\n\t\t\t\t\t<div class=\"elementor-swiper-button elementor-swiper-button-next\" role=\"button\" tabindex=\"0\">\n\t\t\t\t\t\t<svg aria-hidden=\"true\" class=\"e-font-icon-svg e-eicon-chevron-right\" viewBox=\"0 0 1000 1000\" xmlns=\"http:\/\/www.w3.org\/2000\/svg\"><path d=\"M696 533C708 521 713 504 713 487 713 471 708 454 696 446L400 146C388 133 375 125 354 125 338 125 325 129 313 142 300 154 292 171 292 187 292 204 296 221 308 233L563 492 304 771C292 783 288 800 288 817 288 833 296 850 308 863 321 871 338 875 354 875 371 875 388 867 400 854L696 533Z\"><\/path><\/svg>\t\t\t\t\t<\/div>\n\t\t\t\t\n\t\t\t\t\t\t\t\t\t<\/div>\n\t\t\t\t\t\t<\/div>\n\t\t\t\t<\/div>\n\t\t\t\t<\/div>\n\t\t<div class=\"elementor-element elementor-element-b292705 e-con-full e-flex e-con e-child\" data-id=\"b292705\" data-element_type=\"container\">\n\t\t\t\t<div class=\"elementor-element elementor-element-e194276 elementor-invisible elementor-widget elementor-widget-heading\" data-id=\"e194276\" data-element_type=\"widget\" data-settings=\"{&quot;_animation&quot;:&quot;fadeInDown&quot;}\" data-widget_type=\"heading.default\">\n\t\t\t\t<div class=\"elementor-widget-container\">\n\t\t\t\t\t<h2 class=\"elementor-heading-title elementor-size-default\">Banquets pour c\u00e9r\u00e9monies et f\u00eates<\/h2>\t\t\t\t<\/div>\n\t\t\t\t<\/div>\n\t\t\t\t<div class=\"elementor-element elementor-element-f864155 elementor-invisible elementor-widget elementor-widget-text-editor\" data-id=\"f864155\" data-element_type=\"widget\" data-settings=\"{&quot;_animation&quot;:&quot;fadeInDown&quot;}\" data-widget_type=\"text-editor.default\">\n\t\t\t\t<div class=\"elementor-widget-container\">\n\t\t\t\t\t\t\t\t\t<div>Le restaurant de l \u00ab H\u00f4tel International Beach de Caorle est l&rsquo;endroit id\u00e9al pour accueillir banquets, r\u00e9unions, mariages, f\u00eates priv\u00e9es et \u00e9v\u00e9nements sp\u00e9ciaux, offrant un service impeccable, des menus personnalis\u00e9s avec des produits de haute qualit\u00e9 et une \u00bb ambiance raffin\u00e9e qui rend chaque occasion inoubliable. N&rsquo;h\u00e9sitez pas \u00e0 nous contacter pour des informations, des r\u00e9servations ou pour cr\u00e9er ensemble l&rsquo;\u00e9v\u00e9nement parfait sur mesure pour vous.<\/div>\t\t\t\t\t\t\t\t<\/div>\n\t\t\t\t<\/div>\n\t\t\t\t<\/div>\n\t\t\t\t<\/div>\n\t\t\t\t<\/div>\n\t\t\t\t<\/div>\n\t\t","protected":false},"excerpt":{"rendered":"<p>Restaurant Go\u00fbt, tradition et \u00e9l\u00e9gance La restauration a toujours \u00e9t\u00e9 l&rsquo;un des points forts de notre gestion. En plus de d\u00e9guster les plats typiques de la tradition v\u00e9nitienne et \u00ab Caorlotta \u00bb, notre Chef vous surprendra par l&rsquo;association des saveurs et des ar\u00f4mes, sublim\u00e9e par la pr\u00e9sentation raffin\u00e9e des plats. Une attention particuli\u00e8re est port\u00e9e [&hellip;]<\/p>\n","protected":false},"author":1,"featured_media":0,"parent":0,"menu_order":0,"comment_status":"closed","ping_status":"closed","template":"elementor_header_footer","meta":{"_acf_changed":false,"footnotes":""},"class_list":["post-1449","page","type-page","status-publish","hentry"],"acf":[],"_links":{"self":[{"href":"https:\/\/internationalbeachhotel.it\/fr\/wp-json\/wp\/v2\/pages\/1449","targetHints":{"allow":["GET"]}}],"collection":[{"href":"https:\/\/internationalbeachhotel.it\/fr\/wp-json\/wp\/v2\/pages"}],"about":[{"href":"https:\/\/internationalbeachhotel.it\/fr\/wp-json\/wp\/v2\/types\/page"}],"author":[{"embeddable":true,"href":"https:\/\/internationalbeachhotel.it\/fr\/wp-json\/wp\/v2\/users\/1"}],"replies":[{"embeddable":true,"href":"https:\/\/internationalbeachhotel.it\/fr\/wp-json\/wp\/v2\/comments?post=1449"}],"version-history":[{"count":4,"href":"https:\/\/internationalbeachhotel.it\/fr\/wp-json\/wp\/v2\/pages\/1449\/revisions"}],"predecessor-version":[{"id":1591,"href":"https:\/\/internationalbeachhotel.it\/fr\/wp-json\/wp\/v2\/pages\/1449\/revisions\/1591"}],"wp:attachment":[{"href":"https:\/\/internationalbeachhotel.it\/fr\/wp-json\/wp\/v2\/media?parent=1449"}],"curies":[{"name":"wp","href":"https:\/\/api.w.org\/{rel}","templated":true}]}}