{"id":1429,"date":"2025-07-23T15:38:01","date_gmt":"2025-07-23T15:38:01","guid":{"rendered":"https:\/\/new.internationalbeachhotel.it\/contacts\/"},"modified":"2025-08-13T16:06:10","modified_gmt":"2025-08-13T16:06:10","slug":"contacts","status":"publish","type":"page","link":"https:\/\/internationalbeachhotel.it\/fr\/contacts\/","title":{"rendered":"Contacts"},"content":{"rendered":"\t\t<div data-elementor-type=\"wp-post\" data-elementor-id=\"1429\" class=\"elementor elementor-1429 elementor-618\" data-elementor-post-type=\"page\">\n\t\t\t\t<div class=\"elementor-element elementor-element-1c768d3 e-con-full e-flex e-con e-parent\" data-id=\"1c768d3\" data-element_type=\"container\" data-settings=\"{&quot;background_background&quot;:&quot;classic&quot;}\">\n\t\t\t\t<div class=\"elementor-element elementor-element-24873b5 elementor-widget elementor-widget-text-editor\" data-id=\"24873b5\" data-element_type=\"widget\" data-widget_type=\"text-editor.default\">\n\t\t\t\t<div class=\"elementor-widget-container\">\n\t\t\t\t\t\t\t\t\t<p>Contacts<\/p>\t\t\t\t\t\t\t\t<\/div>\n\t\t\t\t<\/div>\n\t\t\t\t<div class=\"elementor-element elementor-element-483825b elementor-widget elementor-widget-text-editor\" data-id=\"483825b\" data-element_type=\"widget\" data-widget_type=\"text-editor.default\">\n\t\t\t\t<div class=\"elementor-widget-container\">\n\t\t\t\t\t\t\t\t\t<p>Demander des informations<\/p>\t\t\t\t\t\t\t\t<\/div>\n\t\t\t\t<\/div>\n\t\t\t\t<\/div>\n\t\t<div class=\"elementor-element elementor-element-f883afb e-con-full e-flex e-con e-parent\" data-id=\"f883afb\" data-element_type=\"container\" data-settings=\"{&quot;background_background&quot;:&quot;classic&quot;}\">\n\t\t<div class=\"elementor-element elementor-element-f7e212a e-con-full e-flex e-con e-child\" data-id=\"f7e212a\" data-element_type=\"container\">\n\t\t\t\t<div class=\"elementor-element elementor-element-ecf43ea elementor-invisible elementor-widget elementor-widget-text-editor\" data-id=\"ecf43ea\" data-element_type=\"widget\" data-settings=\"{&quot;_animation&quot;:&quot;fadeInUp&quot;}\" data-widget_type=\"text-editor.default\">\n\t\t\t\t<div class=\"elementor-widget-container\">\n\t\t\t\t\t\t\t\t\t<p>Notre r\u00e9ception est \u00e0 votre disposition pour vous fournir toutes les informations dont vous avez besoin. Vous pouvez nous contacter aux coordonn\u00e9es suivantes.<\/p>\t\t\t\t\t\t\t\t<\/div>\n\t\t\t\t<\/div>\n\t\t<div class=\"elementor-element elementor-element-15dee93 e-con-full e-flex e-con e-child\" data-id=\"15dee93\" data-element_type=\"container\">\n\t\t<div class=\"elementor-element elementor-element-6e02997 e-con-full e-flex e-con e-child\" data-id=\"6e02997\" data-element_type=\"container\">\n\t\t\t\t<div class=\"elementor-element elementor-element-1d6b8ec elementor-view-default elementor-position-top elementor-mobile-position-top elementor-widget elementor-widget-icon-box\" data-id=\"1d6b8ec\" data-element_type=\"widget\" data-widget_type=\"icon-box.default\">\n\t\t\t\t<div class=\"elementor-widget-container\">\n\t\t\t\t\t\t\t<div class=\"elementor-icon-box-wrapper\">\n\n\t\t\t\t\t\t<div class=\"elementor-icon-box-icon\">\n\t\t\t\t<a href=\"tel:0039042181112\" class=\"elementor-icon\" tabindex=\"-1\" aria-label=\"T\u00e9l\u00e9phone\">\n\t\t\t\t<svg xmlns=\"http:\/\/www.w3.org\/2000\/svg\" id=\"Layer_1\" viewBox=\"0 0 24 24\"><g style=\"fill:none;stroke:#000;stroke-width:.5;stroke-linecap:round;stroke-linejoin:round;stroke-miterlimit:10\"><path d=\"m19.8 20.005.005-.783v-.556c0-.566-.141-1.124-.427-1.611-1.337-2.287-3.232-4.315-5.642-6.103v-1.351c0-.105-.086-.191-.191-.191h-1.981c-.107 0-.191.086-.191.191v1.344h-2.263v-1.344c0-.105-.086-.191-.191-.191h-1.984c-.105 0-.191.086-.191.191v1.344c-2.413 1.792-4.311 3.819-5.649 6.108-.286.489-.427 1.048-.427 1.611v1.258c0 1.792 1.451 3.244 3.244 3.244h12.65c1.763-.001 3.193-1.409 3.238-3.161 2.146-.501 3.361-2.253 3.788-5.401.286-2.115 0-3.633-.852-4.513-.303-.315-.637-.499-.938-.609.413-2.401.337-3.742-9.428-6.814-9.934-3.13-11.046-1.834-11.865.766l-.138.444c-.222.704.169 1.453.873 1.675l3.189 1.002c.704.222 1.454-.169 1.676-.874l.138-.444c.635-2.014 3.738-1.105 5.494-.551s4.821 1.585 4.189 3.599l-.138.445c-.222.704.169 1.454.874 1.676l3.189 1.002c.704.222 1.454-.169 1.676-.874l.091-.308.181-.745\"><\/path><path d=\"m12.279 20.186c-.525.337-1.15.537-1.821.537-1.866 0-3.377-1.513-3.377-3.38 0-1.864 1.511-3.377 3.377-3.377s3.38 1.513 3.38 3.377c-.002.482-.105.94-.289 1.356\"><\/path><path d=\"m9.737 20.641c-.609-.133-1.193-.434-1.667-.908-1.32-1.32-1.318-3.458.002-4.778 1.318-1.318 3.456-1.32 4.776 0s1.32 3.46.002 4.778c-.343.339-.739.591-1.163.754\"><\/path><\/g><\/svg>\t\t\t\t<\/a>\n\t\t\t<\/div>\n\t\t\t\n\t\t\t\t\t\t<div class=\"elementor-icon-box-content\">\n\n\t\t\t\t\t\t\t\t\t<h3 class=\"elementor-icon-box-title\">\n\t\t\t\t\t\t<a href=\"tel:0039042181112\" >\n\t\t\t\t\t\t\tT\u00e9l\u00e9phone\t\t\t\t\t\t<\/a>\n\t\t\t\t\t<\/h3>\n\t\t\t\t\n\t\t\t\t\t\t\t\t\t<p class=\"elementor-icon-box-description\">\n\t\t\t\t\t\t+39 0421 81112\t\t\t\t\t<\/p>\n\t\t\t\t\n\t\t\t<\/div>\n\t\t\t\n\t\t<\/div>\n\t\t\t\t\t\t<\/div>\n\t\t\t\t<\/div>\n\t\t\t\t<\/div>\n\t\t<div class=\"elementor-element elementor-element-4b836be e-con-full e-flex e-con e-child\" data-id=\"4b836be\" data-element_type=\"container\">\n\t\t\t\t<div class=\"elementor-element elementor-element-7a1bfd2 elementor-view-default elementor-position-top elementor-mobile-position-top elementor-widget elementor-widget-icon-box\" data-id=\"7a1bfd2\" data-element_type=\"widget\" data-widget_type=\"icon-box.default\">\n\t\t\t\t<div class=\"elementor-widget-container\">\n\t\t\t\t\t\t\t<div class=\"elementor-icon-box-wrapper\">\n\n\t\t\t\t\t\t<div class=\"elementor-icon-box-icon\">\n\t\t\t\t<a href=\"mailto:info@internationalbeachhotel.it\" class=\"elementor-icon\" tabindex=\"-1\" aria-label=\"E-mail\">\n\t\t\t\t<svg xmlns=\"http:\/\/www.w3.org\/2000\/svg\" id=\"&#xB808;&#xC774;&#xC5B4;_1\" height=\"512\" viewBox=\"0 0 512 512\" width=\"512\"><path d=\"m458.16 203.822c-3.155-4.325-7.54-7.761-12.697-9.695-2.968-1.114-6.294-1.627-9.463-1.627h-117c-2.762 0-5 2.239-5 5s2.238 5 5 5h117c3.948 0 7.596 1.315 10.527 3.529 0 0-166.923 131.796-167.058 131.931-3.367 3.349-14.149 12.04-23.469 12.04s-23.749-12.304-23.902-12.425l-166.625-131.546c2.931-2.214 6.579-3.529 10.527-3.529h117c2.761 0 5-2.239 5-5s-2.239-5-5-5c0 0-116.977 0-117 0-10.719 0-21.874 6.924-25.496 17.213-1.096 3.112-2.004 6.974-2.004 10.287v211.5c0 11.309 7.274 21.84 17.869 25.801 3.002 1.123 6.424 1.699 9.631 1.699h360c10.762 0 21.924-6.967 25.531-17.303 1.078-3.09 1.969-6.91 1.969-10.197 0 0 0-211.495 0-211.5 0-5.911-1.967-11.553-5.34-16.178zm-399.66 227.678v-211.5c0-2.077.364-4.071 1.031-5.921l138.841 109.611-138.878 113.627c-.644-1.821-.994-3.779-.994-5.817zm377.5 17.5h-360c-3.984 0-7.662-1.338-10.606-3.589l141.015-115.376 19.283 15.224c1.995 1.932 15.766 14.741 30.308 14.741s28.313-12.809 30.309-14.741l19.283-15.224 141.015 115.376c-2.946 2.251-6.622 3.589-10.607 3.589zm17.5-17.5c0 2.038-.351 3.996-.994 5.817l-138.878-113.627 138.841-109.611c.668 1.85 1.031 3.844 1.031 5.921zm-268.655-307.088c-1.884-2.019-1.775-5.183.244-7.067l67.482-62.984c.913-.857 2.119-1.346 3.414-1.361h.073c1.248.014 2.463.505 3.371 1.36l67.482 62.984c2.02 1.884 2.128 5.048.244 7.067-1.883 2.019-5.049 2.128-7.066.244l-59.089-55.149v168.494c0 2.761-2.238 5-5 5-2.761 0-5-2.239-5-5v-168.494l-59.088 55.149c-2.02 1.884-5.182 1.776-7.067-.243z\" fill=\"rgb(0,0,0)\"><\/path><\/svg>\t\t\t\t<\/a>\n\t\t\t<\/div>\n\t\t\t\n\t\t\t\t\t\t<div class=\"elementor-icon-box-content\">\n\n\t\t\t\t\t\t\t\t\t<h3 class=\"elementor-icon-box-title\">\n\t\t\t\t\t\t<a href=\"mailto:info@internationalbeachhotel.it\" >\n\t\t\t\t\t\t\tE-mail\t\t\t\t\t\t<\/a>\n\t\t\t\t\t<\/h3>\n\t\t\t\t\n\t\t\t\t\t\t\t\t\t<p class=\"elementor-icon-box-description\">\n\t\t\t\t\t\tinfo@internationalbeachhotel.it\t\t\t\t\t<\/p>\n\t\t\t\t\n\t\t\t<\/div>\n\t\t\t\n\t\t<\/div>\n\t\t\t\t\t\t<\/div>\n\t\t\t\t<\/div>\n\t\t\t\t<\/div>\n\t\t\t\t<\/div>\n\t\t\t\t<\/div>\n\t\t\t\t<\/div>\n\t\t<div class=\"elementor-element elementor-element-b6c5caa e-flex e-con-boxed e-con e-parent\" data-id=\"b6c5caa\" data-element_type=\"container\">\n\t\t\t\t\t<div class=\"e-con-inner\">\n\t\t\t\t<div class=\"elementor-element elementor-element-21af6a6 elementor-widget elementor-widget-text-editor\" data-id=\"21af6a6\" data-element_type=\"widget\" data-widget_type=\"text-editor.default\">\n\t\t\t\t<div class=\"elementor-widget-container\">\n\t\t\t\t\t\t\t\t\t<p>Si vous souhaitez recevoir un <strong>devis personnalis\u00e9<\/strong>, nous vous invitons \u00e0 remplir le formulaire ci-dessous. Nous nous ferons un plaisir de vous pr\u00e9senter la <strong>meilleure offre<\/strong> pour votre s\u00e9jour \u00e0 l&rsquo;International Beach Hotel.<\/p>\t\t\t\t\t\t\t\t<\/div>\n\t\t\t\t<\/div>\n\t\t\t\t<div class=\"elementor-element elementor-element-ec50a04 elementor-widget elementor-widget-html\" data-id=\"ec50a04\" data-element_type=\"widget\" data-widget_type=\"html.default\">\n\t\t\t\t<div class=\"elementor-widget-container\">\n\t\t\t\t\t<iframe width=\"100%\" height=\"1000\" frameborder=\"0\" marginwidth=\"0\" marginheight=\"0\" scroll=\"auto\" src=\"https:\/\/booking.passepartout.cloud\/booking\/formv1?oidPortale=13590&amp;lingua=it\"><\/iframe>\t\t\t\t<\/div>\n\t\t\t\t<\/div>\n\t\t\t\t\t<\/div>\n\t\t\t\t<\/div>\n\t\t\t\t<\/div>\n\t\t","protected":false},"excerpt":{"rendered":"<p>Contacts Demander des informations Notre r\u00e9ception est \u00e0 votre disposition pour vous fournir toutes les informations dont vous avez besoin. Vous pouvez nous contacter aux coordonn\u00e9es suivantes. T\u00e9l\u00e9phone +39 0421 81112 E-mail info@internationalbeachhotel.it Si vous souhaitez recevoir un devis personnalis\u00e9, nous vous invitons \u00e0 remplir le formulaire ci-dessous. Nous nous ferons un plaisir de vous [&hellip;]<\/p>\n","protected":false},"author":1,"featured_media":0,"parent":0,"menu_order":0,"comment_status":"closed","ping_status":"closed","template":"elementor_header_footer","meta":{"_acf_changed":false,"footnotes":""},"class_list":["post-1429","page","type-page","status-publish","hentry"],"acf":[],"_links":{"self":[{"href":"https:\/\/internationalbeachhotel.it\/fr\/wp-json\/wp\/v2\/pages\/1429","targetHints":{"allow":["GET"]}}],"collection":[{"href":"https:\/\/internationalbeachhotel.it\/fr\/wp-json\/wp\/v2\/pages"}],"about":[{"href":"https:\/\/internationalbeachhotel.it\/fr\/wp-json\/wp\/v2\/types\/page"}],"author":[{"embeddable":true,"href":"https:\/\/internationalbeachhotel.it\/fr\/wp-json\/wp\/v2\/users\/1"}],"replies":[{"embeddable":true,"href":"https:\/\/internationalbeachhotel.it\/fr\/wp-json\/wp\/v2\/comments?post=1429"}],"version-history":[{"count":2,"href":"https:\/\/internationalbeachhotel.it\/fr\/wp-json\/wp\/v2\/pages\/1429\/revisions"}],"predecessor-version":[{"id":1639,"href":"https:\/\/internationalbeachhotel.it\/fr\/wp-json\/wp\/v2\/pages\/1429\/revisions\/1639"}],"wp:attachment":[{"href":"https:\/\/internationalbeachhotel.it\/fr\/wp-json\/wp\/v2\/media?parent=1429"}],"curies":[{"name":"wp","href":"https:\/\/api.w.org\/{rel}","templated":true}]}}