{"id":1918,"date":"2025-08-14T12:56:28","date_gmt":"2025-08-14T12:56:28","guid":{"rendered":"https:\/\/internationalbeachhotel.it\/allgemeine-bedingungen-und-konditionen\/"},"modified":"2026-04-09T13:35:07","modified_gmt":"2026-04-09T13:35:07","slug":"allgemeine-bedingungen-und-konditionen","status":"publish","type":"page","link":"https:\/\/internationalbeachhotel.it\/de\/allgemeine-bedingungen-und-konditionen\/","title":{"rendered":"Allgemeine Bedingungen und Konditionen"},"content":{"rendered":"\t\t<div data-elementor-type=\"wp-post\" data-elementor-id=\"1918\" class=\"elementor elementor-1918 elementor-1912\" data-elementor-post-type=\"page\">\n\t\t\t\t<div class=\"elementor-element elementor-element-1c768d3 e-con-full e-flex e-con e-parent\" data-id=\"1c768d3\" data-element_type=\"container\" data-settings=\"{&quot;background_background&quot;:&quot;classic&quot;}\">\n\t\t\t\t<div class=\"elementor-element elementor-element-24873b5 elementor-widget elementor-widget-text-editor\" data-id=\"24873b5\" data-element_type=\"widget\" data-widget_type=\"text-editor.default\">\n\t\t\t\t<div class=\"elementor-widget-container\">\n\t\t\t\t\t\t\t\t\t<p>Allgemeine Bedingungen und Konditionen<\/p>\t\t\t\t\t\t\t\t<\/div>\n\t\t\t\t<\/div>\n\t\t\t\t<\/div>\n\t\t<div class=\"elementor-element elementor-element-f883afb e-con-full e-flex e-con e-parent\" data-id=\"f883afb\" data-element_type=\"container\" data-settings=\"{&quot;background_background&quot;:&quot;classic&quot;}\">\n\t\t<div class=\"elementor-element elementor-element-f7e212a e-con-full e-flex e-con e-child\" data-id=\"f7e212a\" data-element_type=\"container\">\n\t\t<div class=\"elementor-element elementor-element-15dee93 e-con-full e-flex e-con e-child\" data-id=\"15dee93\" data-element_type=\"container\">\n\t\t\t\t<div class=\"elementor-element elementor-element-d562b16 elementor-widget elementor-widget-text-editor\" data-id=\"d562b16\" data-element_type=\"widget\" data-widget_type=\"text-editor.default\">\n\t\t\t\t<div class=\"elementor-widget-container\">\n\t\t\t\t\t\t\t\t\t<p>Die Preise beinhalten Privatstrand mit Sonnenschirm und zwei Liegen\/Zimmer, Schwimmbad mit Whirlpool, Fahrr\u00e4der.<\/p><p>Ohne Telefongeb\u00fchren, Getr\u00e4nke und Kurtaxe (3,30 \u20ac\/Person\/Tag ab 6 Jahren f\u00fcr maximal 10 aufeinanderfolgende N\u00e4chte) gilt die Verpflegung ab der ersten Mahlzeit am Anreisetag bis zum Fr\u00fchst\u00fcck am Abreisetag. Bei Nichtinanspruchnahme der Mahlzeiten erfolgt keine R\u00fcckerstattung. <\/p><p>Wir behalten uns Preis\u00e4nderungen im Falle einer Erh\u00f6hung der Betriebskosten vor.<\/p><p>Jede Reservierung muss vom Ankunftstag bis zum Abreisetag angegeben werden.<\/p><p>Die Reservierung gilt als endg\u00fcltig, nachdem das Hotel eine schriftliche Best\u00e4tigung versandt hat und die Anzahlung eingegangen ist und\/oder die Daten einer g\u00fcltigen, nicht wiederaufladbaren Kreditkarte mitgeteilt wurden.<\/p><p>Check-In ab 13.00 Uhr<\/p><p>Check-out mit R\u00fcckgabe des Parkplatzes, des Zimmerkarten und des Strandplatzes erfolgt bis 10.00 Uhr<\/p><p><strong>BANKVERBINDUNG<\/strong><br>Banca Prealpi Sanbiagio \u2013 Caorle (VE) \u2013 Italy <br>IBAN: IT 57 R 08904 36020 05300 1008 382 \u2013 BIC: CCRTIT2TPRE<\/p><p><strong>STORNOBEDINGUNGEN<\/strong> <\/p><p>Es ist m\u00f6glich, eine Reservierung kostenfrei innerhalb von 15 Tagen vor Ankunft zu stornieren. F\u00fcr Stornierungen zwischen dem 14. und 7. Tag vor Ankunft werden 50% berechnet.<br>F\u00fcr Stornierungen zwischen dem 6. und 3. Tag vor Ankunft werden 85% berechnet.<br>Bei Stornierungen zwischen 2 und 1 Tag vor Ankunft oder Nichtanreise (No-Show) werden 100% berechnet<\/p><div class=\"x_elementToProof\"><span data-olk-copy-source=\"MessageBody\">Bei vorzeitiger Abreise <\/span>oder versp\u00e4teter Ankunft wird der volle Betrag des vereinbarten Aufenthalts in Rechnung gestellt.<\/div><p><strong> <\/strong><\/p><p><strong>ZUSATZLEISTUNGEN<\/strong><\/p><p>Zus\u00e4tzliche Mahlzeit: ab 30,00 \u20ac pro Person<br>Einzelzimmer: 30,00 \u20ac pro Tag<br>Doppelzimmer zur Einzelnutzung: 60,00 \u20ac pro Tag<br>Zus\u00e4tzliches Fr\u00fchst\u00fcck: 18,00 \u20ac pro Person<br>Superior-Zimmer mit Blick auf den Pool: 5,00 \u20ac pro Zimmer und Tag<br>Deluxe-Zimmer mit Meerblick: 10,00 \u20ac pro Zimmer und Tag<br>Parkplatz: 7,00 \u20ac pro Fahrzeug und Tag<br>Wellness-Eintritt: 20,00 \u20ac pro Person<br>Hunde auf Anfrage: 20,00 \u20ac pro Tag f\u00fcr kleine Hunde, 30,00 \u20ac f\u00fcr mittelgro\u00dfe Hunde (ohne Futter)<\/p>\t\t\t\t\t\t\t\t<\/div>\n\t\t\t\t<\/div>\n\t\t\t\t<\/div>\n\t\t\t\t<\/div>\n\t\t\t\t<\/div>\n\t\t\t\t<\/div>\n\t\t","protected":false},"excerpt":{"rendered":"<p>Allgemeine Bedingungen und Konditionen Die Preise beinhalten Privatstrand mit Sonnenschirm und zwei Liegen\/Zimmer, Schwimmbad mit Whirlpool, Fahrr\u00e4der. Ohne Telefongeb\u00fchren, Getr\u00e4nke und Kurtaxe (3,30 \u20ac\/Person\/Tag ab 6 Jahren f\u00fcr maximal 10 aufeinanderfolgende N\u00e4chte) gilt die Verpflegung ab der ersten Mahlzeit am Anreisetag bis zum Fr\u00fchst\u00fcck am Abreisetag. Bei Nichtinanspruchnahme der Mahlzeiten erfolgt keine R\u00fcckerstattung. Wir behalten [&hellip;]<\/p>\n","protected":false},"author":1,"featured_media":0,"parent":0,"menu_order":0,"comment_status":"closed","ping_status":"closed","template":"elementor_header_footer","meta":{"_acf_changed":false,"footnotes":""},"class_list":["post-1918","page","type-page","status-publish","hentry"],"acf":[],"_links":{"self":[{"href":"https:\/\/internationalbeachhotel.it\/de\/wp-json\/wp\/v2\/pages\/1918","targetHints":{"allow":["GET"]}}],"collection":[{"href":"https:\/\/internationalbeachhotel.it\/de\/wp-json\/wp\/v2\/pages"}],"about":[{"href":"https:\/\/internationalbeachhotel.it\/de\/wp-json\/wp\/v2\/types\/page"}],"author":[{"embeddable":true,"href":"https:\/\/internationalbeachhotel.it\/de\/wp-json\/wp\/v2\/users\/1"}],"replies":[{"embeddable":true,"href":"https:\/\/internationalbeachhotel.it\/de\/wp-json\/wp\/v2\/comments?post=1918"}],"version-history":[{"count":5,"href":"https:\/\/internationalbeachhotel.it\/de\/wp-json\/wp\/v2\/pages\/1918\/revisions"}],"predecessor-version":[{"id":2030,"href":"https:\/\/internationalbeachhotel.it\/de\/wp-json\/wp\/v2\/pages\/1918\/revisions\/2030"}],"wp:attachment":[{"href":"https:\/\/internationalbeachhotel.it\/de\/wp-json\/wp\/v2\/media?parent=1918"}],"curies":[{"name":"wp","href":"https:\/\/api.w.org\/{rel}","templated":true}]}}