{"id":1433,"date":"2025-07-24T08:21:59","date_gmt":"2025-07-24T08:21:59","guid":{"rendered":"https:\/\/new.internationalbeachhotel.it\/restaurant\/"},"modified":"2025-08-13T15:59:13","modified_gmt":"2025-08-13T15:59:13","slug":"restaurant","status":"publish","type":"page","link":"https:\/\/internationalbeachhotel.it\/de\/restaurant\/","title":{"rendered":"Restaurant"},"content":{"rendered":"\t\t<div data-elementor-type=\"wp-post\" data-elementor-id=\"1433\" class=\"elementor elementor-1433 elementor-629\" data-elementor-post-type=\"page\">\n\t\t\t\t<div class=\"elementor-element elementor-element-1c768d3 e-con-full e-flex e-con e-parent\" data-id=\"1c768d3\" data-element_type=\"container\" data-settings=\"{&quot;background_background&quot;:&quot;classic&quot;}\">\n\t\t\t\t<div class=\"elementor-element elementor-element-24873b5 elementor-widget elementor-widget-text-editor\" data-id=\"24873b5\" data-element_type=\"widget\" data-widget_type=\"text-editor.default\">\n\t\t\t\t<div class=\"elementor-widget-container\">\n\t\t\t\t\t\t\t\t\t<p>Restaurant<\/p>\t\t\t\t\t\t\t\t<\/div>\n\t\t\t\t<\/div>\n\t\t\t\t<div class=\"elementor-element elementor-element-483825b elementor-widget elementor-widget-text-editor\" data-id=\"483825b\" data-element_type=\"widget\" data-widget_type=\"text-editor.default\">\n\t\t\t\t<div class=\"elementor-widget-container\">\n\t\t\t\t\t\t\t\t\t<p>Geschmack, Tradition und Eleganz<\/p>\t\t\t\t\t\t\t\t<\/div>\n\t\t\t\t<\/div>\n\t\t\t\t<\/div>\n\t\t<div class=\"elementor-element elementor-element-f883afb e-con-full e-flex e-con e-parent\" data-id=\"f883afb\" data-element_type=\"container\" data-settings=\"{&quot;background_background&quot;:&quot;classic&quot;}\">\n\t\t<div class=\"elementor-element elementor-element-f7e212a e-con-full e-flex elementor-invisible e-con e-child\" data-id=\"f7e212a\" data-element_type=\"container\" data-settings=\"{&quot;animation&quot;:&quot;fadeInDown&quot;}\">\n\t\t\t\t<div class=\"elementor-element elementor-element-ecf43ea elementor-invisible elementor-widget elementor-widget-text-editor\" data-id=\"ecf43ea\" data-element_type=\"widget\" data-settings=\"{&quot;_animation&quot;:&quot;fadeInUp&quot;}\" data-widget_type=\"text-editor.default\">\n\t\t\t\t<div class=\"elementor-widget-container\">\n\t\t\t\t\t\t\t\t\t<p>Das Restaurant war schon immer eine der <b>St\u00e4rken unseres Managements<\/b>. Neben dem Genuss <b>typischer Gerichte<\/b> der venezianischen und insbesondere der \u201eCaorlotta\u201c-Tradition wird Sie unser K\u00fcchenchef mit der Kombination von Aromen und D\u00fcften \u00fcberraschen, die durch die raffinierte Pr\u00e4sentation der Speisen unterstrichen wird. Besondere Sorgfalt gilt den <b>hochwertigen Rohstoffen<\/b>, wobei <b>regionale Produkte aus der Region und Bio-Produkte<\/b> bevorzugt werden. Unsere Men\u00fcs zur Auswahl umfassen Fisch-, Fleisch- und vegetarische Gerichte + Mini-Men\u00fc f\u00fcr Kinder. Salatbuffet und gekochtes Gem\u00fcse, k\u00f6stliche Auswahl an Desserts, die von unserem Konditor zubereitet werden. Unsere K\u00fcche ist auch f\u00fcr die Zubereitung von <b>glutenfreien Gerichten<\/b> f\u00fcr unsere Z\u00f6liakie-G\u00e4ste oder f\u00fcr andere Nahrungsmittelunvertr\u00e4glichkeiten ausgestattet.<\/p>\n<p>Wir stehen Ihnen f\u00fcr <b>Hochzeitsbankette<\/b>, <b>Erfrischungen<\/b> und Di\u00e4tk\u00fcche f\u00fcr Sportler zur Verf\u00fcgung.<\/p>\t\t\t\t\t\t\t\t<\/div>\n\t\t\t\t<\/div>\n\t\t\t\t<\/div>\n\t\t\t\t<\/div>\n\t\t<div class=\"elementor-element elementor-element-42897e3 e-con-full e-flex e-con e-parent\" data-id=\"42897e3\" data-element_type=\"container\">\n\t\t\t\t<div class=\"elementor-element elementor-element-80e8178 elementor-arrows-position-inside elementor-widget elementor-widget-image-carousel\" data-id=\"80e8178\" data-element_type=\"widget\" data-settings=\"{&quot;navigation&quot;:&quot;arrows&quot;,&quot;autoplay&quot;:&quot;yes&quot;,&quot;pause_on_hover&quot;:&quot;yes&quot;,&quot;pause_on_interaction&quot;:&quot;yes&quot;,&quot;autoplay_speed&quot;:5000,&quot;infinite&quot;:&quot;yes&quot;,&quot;speed&quot;:500}\" data-widget_type=\"image-carousel.default\">\n\t\t\t\t<div class=\"elementor-widget-container\">\n\t\t\t\t\t\t\t<div class=\"elementor-image-carousel-wrapper swiper\" role=\"region\" aria-roledescription=\"carousel\" aria-label=\"Caorle\" dir=\"ltr\">\n\t\t\t<div class=\"elementor-image-carousel swiper-wrapper\" aria-live=\"off\">\n\t\t\t\t\t\t\t\t<div class=\"swiper-slide\" role=\"group\" aria-roledescription=\"slide\" aria-label=\"1 von 9\"><a data-elementor-open-lightbox=\"yes\" data-elementor-lightbox-slideshow=\"80e8178\" data-elementor-lightbox-title=\"IMG_8992_2000\" data-e-action-hash=\"#elementor-action%3Aaction%3Dlightbox%26settings%3DeyJpZCI6MTMwOSwidXJsIjoiaHR0cHM6XC9cL2ludGVybmF0aW9uYWxiZWFjaGhvdGVsLml0XC93cC1jb250ZW50XC91cGxvYWRzXC8yMDI1XC8wN1wvSU1HXzg5OTJfMjAwMC5qcGciLCJzbGlkZXNob3ciOiI4MGU4MTc4In0%3D\" href=\"https:\/\/internationalbeachhotel.it\/wp-content\/uploads\/2025\/07\/IMG_8992_2000.jpg\"><figure class=\"swiper-slide-inner\"><img decoding=\"async\" class=\"swiper-slide-image\" src=\"https:\/\/internationalbeachhotel.it\/wp-content\/uploads\/elementor\/thumbs\/IMG_8992_2000-r982s3mmh4nbaqwh1v9mqr1pe5g9t515xpcrvsclf4.jpg\" alt=\"IMG_8992_2000\" \/><\/figure><\/a><\/div><div class=\"swiper-slide\" role=\"group\" aria-roledescription=\"slide\" aria-label=\"2 von 9\"><a data-elementor-open-lightbox=\"yes\" data-elementor-lightbox-slideshow=\"80e8178\" data-elementor-lightbox-title=\"IMG_9004_2000\" data-e-action-hash=\"#elementor-action%3Aaction%3Dlightbox%26settings%3DeyJpZCI6MTMxMiwidXJsIjoiaHR0cHM6XC9cL2ludGVybmF0aW9uYWxiZWFjaGhvdGVsLml0XC93cC1jb250ZW50XC91cGxvYWRzXC8yMDI1XC8wN1wvSU1HXzkwMDRfMjAwMC5qcGciLCJzbGlkZXNob3ciOiI4MGU4MTc4In0%3D\" href=\"https:\/\/internationalbeachhotel.it\/wp-content\/uploads\/2025\/07\/IMG_9004_2000.jpg\"><figure class=\"swiper-slide-inner\"><img decoding=\"async\" class=\"swiper-slide-image\" src=\"https:\/\/internationalbeachhotel.it\/wp-content\/uploads\/elementor\/thumbs\/IMG_9004_2000-r982s3mmh4nbaqwh1v9mqr1pe5g9t515xpcrvsclf4.jpg\" alt=\"IMG_9004_2000\" \/><\/figure><\/a><\/div><div class=\"swiper-slide\" role=\"group\" aria-roledescription=\"slide\" aria-label=\"3 von 9\"><a data-elementor-open-lightbox=\"yes\" data-elementor-lightbox-slideshow=\"80e8178\" data-elementor-lightbox-title=\"IMG_9019_2000\" data-e-action-hash=\"#elementor-action%3Aaction%3Dlightbox%26settings%3DeyJpZCI6MTMxNSwidXJsIjoiaHR0cHM6XC9cL2ludGVybmF0aW9uYWxiZWFjaGhvdGVsLml0XC93cC1jb250ZW50XC91cGxvYWRzXC8yMDI1XC8wN1wvSU1HXzkwMTlfMjAwMC5qcGciLCJzbGlkZXNob3ciOiI4MGU4MTc4In0%3D\" href=\"https:\/\/internationalbeachhotel.it\/wp-content\/uploads\/2025\/07\/IMG_9019_2000.jpg\"><figure class=\"swiper-slide-inner\"><img decoding=\"async\" class=\"swiper-slide-image\" src=\"https:\/\/internationalbeachhotel.it\/wp-content\/uploads\/elementor\/thumbs\/IMG_9019_2000-r982s5iauspvxytqqw2vvqkmkx708j8mlynquc9t2o.jpg\" alt=\"IMG_9019_2000\" \/><\/figure><\/a><\/div><div class=\"swiper-slide\" role=\"group\" aria-roledescription=\"slide\" aria-label=\"4 von 9\"><a data-elementor-open-lightbox=\"yes\" data-elementor-lightbox-slideshow=\"80e8178\" data-elementor-lightbox-title=\"IMG_9040_2000\" data-e-action-hash=\"#elementor-action%3Aaction%3Dlightbox%26settings%3DeyJpZCI6MTMxOCwidXJsIjoiaHR0cHM6XC9cL2ludGVybmF0aW9uYWxiZWFjaGhvdGVsLml0XC93cC1jb250ZW50XC91cGxvYWRzXC8yMDI1XC8wN1wvSU1HXzkwNDBfMjAwMC5qcGciLCJzbGlkZXNob3ciOiI4MGU4MTc4In0%3D\" href=\"https:\/\/internationalbeachhotel.it\/wp-content\/uploads\/2025\/07\/IMG_9040_2000.jpg\"><figure class=\"swiper-slide-inner\"><img decoding=\"async\" class=\"swiper-slide-image\" src=\"https:\/\/internationalbeachhotel.it\/wp-content\/uploads\/elementor\/thumbs\/IMG_9040_2000-r982s5iauspvxytqqw2vvqkmkx708j8mlynquc9t2o.jpg\" alt=\"IMG_9040_2000\" \/><\/figure><\/a><\/div><div class=\"swiper-slide\" role=\"group\" aria-roledescription=\"slide\" aria-label=\"5 von 9\"><a data-elementor-open-lightbox=\"yes\" data-elementor-lightbox-slideshow=\"80e8178\" data-elementor-lightbox-title=\"IMG_8233_2000\" data-e-action-hash=\"#elementor-action%3Aaction%3Dlightbox%26settings%3DeyJpZCI6MTMyMSwidXJsIjoiaHR0cHM6XC9cL2ludGVybmF0aW9uYWxiZWFjaGhvdGVsLml0XC93cC1jb250ZW50XC91cGxvYWRzXC8yMDI1XC8wN1wvSU1HXzgyMzNfMjAwMC5qcGciLCJzbGlkZXNob3ciOiI4MGU4MTc4In0%3D\" href=\"https:\/\/internationalbeachhotel.it\/wp-content\/uploads\/2025\/07\/IMG_8233_2000.jpg\"><figure class=\"swiper-slide-inner\"><img decoding=\"async\" class=\"swiper-slide-image\" src=\"https:\/\/internationalbeachhotel.it\/wp-content\/uploads\/elementor\/thumbs\/IMG_8233_2000-r982s7dz8gsgl6r0fww50q3jroxqnxg3a7ypsw70q8.jpg\" alt=\"IMG_8233_2000\" \/><\/figure><\/a><\/div><div class=\"swiper-slide\" role=\"group\" aria-roledescription=\"slide\" aria-label=\"6 von 9\"><a data-elementor-open-lightbox=\"yes\" data-elementor-lightbox-slideshow=\"80e8178\" data-elementor-lightbox-title=\"IMG_8236_2000\" data-e-action-hash=\"#elementor-action%3Aaction%3Dlightbox%26settings%3DeyJpZCI6MTMyNCwidXJsIjoiaHR0cHM6XC9cL2ludGVybmF0aW9uYWxiZWFjaGhvdGVsLml0XC93cC1jb250ZW50XC91cGxvYWRzXC8yMDI1XC8wN1wvSU1HXzgyMzZfMjAwMC5qcGciLCJzbGlkZXNob3ciOiI4MGU4MTc4In0%3D\" href=\"https:\/\/internationalbeachhotel.it\/wp-content\/uploads\/2025\/07\/IMG_8236_2000.jpg\"><figure class=\"swiper-slide-inner\"><img decoding=\"async\" class=\"swiper-slide-image\" src=\"https:\/\/internationalbeachhotel.it\/wp-content\/uploads\/elementor\/thumbs\/IMG_8236_2000-r982s7dz8gsgl6r0fww50q3jroxqnxg3a7ypsw70q8.jpg\" alt=\"IMG_8236_2000\" \/><\/figure><\/a><\/div><div class=\"swiper-slide\" role=\"group\" aria-roledescription=\"slide\" aria-label=\"7 von 9\"><a data-elementor-open-lightbox=\"yes\" data-elementor-lightbox-slideshow=\"80e8178\" data-elementor-lightbox-title=\"Deep Fried Calamari Rings\" data-e-action-hash=\"#elementor-action%3Aaction%3Dlightbox%26settings%3DeyJpZCI6MTMyNywidXJsIjoiaHR0cHM6XC9cL2ludGVybmF0aW9uYWxiZWFjaGhvdGVsLml0XC93cC1jb250ZW50XC91cGxvYWRzXC8yMDI1XC8wN1wvZGVlcC1mcmllZC1jYWxhbWFyaS1yaW5ncy1zY2FsZWQuanBnIiwic2xpZGVzaG93IjoiODBlODE3OCJ9\" href=\"https:\/\/internationalbeachhotel.it\/wp-content\/uploads\/2025\/07\/deep-fried-calamari-rings-scaled.jpg\"><figure class=\"swiper-slide-inner\"><img decoding=\"async\" class=\"swiper-slide-image\" src=\"https:\/\/internationalbeachhotel.it\/wp-content\/uploads\/elementor\/thumbs\/deep-fried-calamari-rings-scaled-r982sq6r15i71dzpe50oelcrned2xviq0t0feff59s.jpg\" alt=\"Deep Fried Calamari Rings\" \/><\/figure><\/a><\/div><div class=\"swiper-slide\" role=\"group\" aria-roledescription=\"slide\" aria-label=\"8 von 9\"><a data-elementor-open-lightbox=\"yes\" data-elementor-lightbox-slideshow=\"80e8178\" data-elementor-lightbox-title=\"Salmon fillet meat steak with sauce in white plate\" data-e-action-hash=\"#elementor-action%3Aaction%3Dlightbox%26settings%3DeyJpZCI6MTMzMCwidXJsIjoiaHR0cHM6XC9cL2ludGVybmF0aW9uYWxiZWFjaGhvdGVsLml0XC93cC1jb250ZW50XC91cGxvYWRzXC8yMDI1XC8wN1wvc2FsbW9uLWZpbGxldC1tZWF0LXN0ZWFrLXdpdGgtc2F1Y2Utd2hpdGUtcGxhdGUtc2NhbGVkLmpwZyIsInNsaWRlc2hvdyI6IjgwZTgxNzgifQ%3D%3D\" href=\"https:\/\/internationalbeachhotel.it\/wp-content\/uploads\/2025\/07\/salmon-fillet-meat-steak-with-sauce-white-plate-scaled.jpg\"><figure class=\"swiper-slide-inner\"><img decoding=\"async\" class=\"swiper-slide-image\" src=\"https:\/\/internationalbeachhotel.it\/wp-content\/uploads\/elementor\/thumbs\/salmon-fillet-meat-steak-with-sauce-white-plate-scaled-r982sxpgjtshm9os689oyjggehc0ngckpu8b8n3zw0.jpg\" alt=\"Salmon fillet meat steak with sauce in white plate - Healthy food style\" \/><\/figure><\/a><\/div><div class=\"swiper-slide\" role=\"group\" aria-roledescription=\"slide\" aria-label=\"9 von 9\"><a data-elementor-open-lightbox=\"yes\" data-elementor-lightbox-slideshow=\"80e8178\" data-elementor-lightbox-title=\"Homemade Italian pasta with cherry tomatoes and seafood. Pasta with fresh and tasty langoustines shrimp in a dark stylish bowl on a marble table. Food photo for menu or recipe. Restaurant\" data-e-action-hash=\"#elementor-action%3Aaction%3Dlightbox%26settings%3DeyJpZCI6MTMzMywidXJsIjoiaHR0cHM6XC9cL2ludGVybmF0aW9uYWxiZWFjaGhvdGVsLml0XC93cC1jb250ZW50XC91cGxvYWRzXC8yMDI1XC8wN1wvaG9tZW1hZGUtaXRhbGlhbi1wYXN0YS13aXRoLWNoZXJyeS10b21hdG9lcy1zZWFmb29kLXBhc3RhLXdpdGgtZnJlc2gtdGFzdHktbGFuZ291c3RpbmVzLXNocmltcC1kYXJrLXN0eWxpc2gtYm93bC1tYXJibGUtdGFibGUtc2NhbGVkLmpwZyIsInNsaWRlc2hvdyI6IjgwZTgxNzgifQ%3D%3D\" href=\"https:\/\/internationalbeachhotel.it\/wp-content\/uploads\/2025\/07\/homemade-italian-pasta-with-cherry-tomatoes-seafood-pasta-with-fresh-tasty-langoustines-shrimp-dark-stylish-bowl-marble-table-scaled.jpg\"><figure class=\"swiper-slide-inner\"><img decoding=\"async\" class=\"swiper-slide-image\" src=\"https:\/\/internationalbeachhotel.it\/wp-content\/uploads\/elementor\/thumbs\/homemade-italian-pasta-with-cherry-tomatoes-seafood-pasta-with-fresh-tasty-langoustines-shrimp-dark-stylish-bowl-marble-table-scaled-r982t8zitu7xhl8ecd57sglzj3sf7tlcre24zyn9tc.jpg\" alt=\"Homemade Italian pasta with cherry tomatoes and seafood. Pasta with fresh and tasty langoustines shrimp in a dark stylish bowl on a marble table. Food photo for menu or recipe. Restaurant\" \/><\/figure><\/a><\/div>\t\t\t<\/div>\n\t\t\t\t\t\t\t\t\t\t\t\t<div class=\"elementor-swiper-button elementor-swiper-button-prev\" role=\"button\" tabindex=\"0\">\n\t\t\t\t\t\t<svg aria-hidden=\"true\" class=\"e-font-icon-svg e-eicon-chevron-left\" viewBox=\"0 0 1000 1000\" xmlns=\"http:\/\/www.w3.org\/2000\/svg\"><path d=\"M646 125C629 125 613 133 604 142L308 442C296 454 292 471 292 487 292 504 296 521 308 533L604 854C617 867 629 875 646 875 663 875 679 871 692 858 704 846 713 829 713 812 713 796 708 779 692 767L438 487 692 225C700 217 708 204 708 187 708 171 704 154 692 142 675 129 663 125 646 125Z\"><\/path><\/svg>\t\t\t\t\t<\/div>\n\t\t\t\t\t<div class=\"elementor-swiper-button elementor-swiper-button-next\" role=\"button\" tabindex=\"0\">\n\t\t\t\t\t\t<svg aria-hidden=\"true\" class=\"e-font-icon-svg e-eicon-chevron-right\" viewBox=\"0 0 1000 1000\" xmlns=\"http:\/\/www.w3.org\/2000\/svg\"><path d=\"M696 533C708 521 713 504 713 487 713 471 708 454 696 446L400 146C388 133 375 125 354 125 338 125 325 129 313 142 300 154 292 171 292 187 292 204 296 221 308 233L563 492 304 771C292 783 288 800 288 817 288 833 296 850 308 863 321 871 338 875 354 875 371 875 388 867 400 854L696 533Z\"><\/path><\/svg>\t\t\t\t\t<\/div>\n\t\t\t\t\n\t\t\t\t\t\t\t\t\t<\/div>\n\t\t\t\t\t\t<\/div>\n\t\t\t\t<\/div>\n\t\t\t\t<\/div>\n\t\t<div class=\"elementor-element elementor-element-d82062f e-con-full e-flex e-con e-parent\" data-id=\"d82062f\" data-element_type=\"container\">\n\t\t<div class=\"elementor-element elementor-element-7fbc0f1 e-con-full e-flex e-con e-child\" data-id=\"7fbc0f1\" data-element_type=\"container\">\n\t\t<div class=\"elementor-element elementor-element-e07d089 e-con-full e-flex elementor-invisible e-con e-child\" data-id=\"e07d089\" data-element_type=\"container\" data-settings=\"{&quot;background_background&quot;:&quot;classic&quot;,&quot;animation&quot;:&quot;fadeInRight&quot;}\">\n\t\t\t\t<div class=\"elementor-element elementor-element-40617fb elementor-arrows-position-inside elementor-widget elementor-widget-image-carousel\" data-id=\"40617fb\" data-element_type=\"widget\" data-settings=\"{&quot;slides_to_show&quot;:&quot;1&quot;,&quot;navigation&quot;:&quot;arrows&quot;,&quot;autoplay&quot;:&quot;yes&quot;,&quot;pause_on_hover&quot;:&quot;yes&quot;,&quot;pause_on_interaction&quot;:&quot;yes&quot;,&quot;autoplay_speed&quot;:5000,&quot;infinite&quot;:&quot;yes&quot;,&quot;effect&quot;:&quot;slide&quot;,&quot;speed&quot;:500}\" data-widget_type=\"image-carousel.default\">\n\t\t\t\t<div class=\"elementor-widget-container\">\n\t\t\t\t\t\t\t<div class=\"elementor-image-carousel-wrapper swiper\" role=\"region\" aria-roledescription=\"carousel\" aria-label=\"Carosello d&#039;immagini\" dir=\"ltr\">\n\t\t\t<div class=\"elementor-image-carousel swiper-wrapper\" aria-live=\"off\">\n\t\t\t\t\t\t\t\t<div class=\"swiper-slide\" role=\"group\" aria-roledescription=\"slide\" aria-label=\"1 von 3\"><a data-elementor-open-lightbox=\"yes\" data-elementor-lightbox-slideshow=\"40617fb\" data-elementor-lightbox-title=\"_MG_6841_1600\" data-e-action-hash=\"#elementor-action%3Aaction%3Dlightbox%26settings%3DeyJpZCI6MTM1NCwidXJsIjoiaHR0cHM6XC9cL2ludGVybmF0aW9uYWxiZWFjaGhvdGVsLml0XC93cC1jb250ZW50XC91cGxvYWRzXC8yMDI1XC8wN1wvTUdfNjg0MV8xNjAwLmpwZyIsInNsaWRlc2hvdyI6IjQwNjE3ZmIifQ%3D%3D\" href=\"https:\/\/internationalbeachhotel.it\/wp-content\/uploads\/2025\/07\/MG_6841_1600.jpg\"><figure class=\"swiper-slide-inner\"><img decoding=\"async\" class=\"swiper-slide-image\" src=\"https:\/\/internationalbeachhotel.it\/wp-content\/uploads\/2025\/07\/MG_6841_1600.jpg\" alt=\"_MG_6841_1600\" \/><\/figure><\/a><\/div><div class=\"swiper-slide\" role=\"group\" aria-roledescription=\"slide\" aria-label=\"2 von 3\"><a data-elementor-open-lightbox=\"yes\" data-elementor-lightbox-slideshow=\"40617fb\" data-elementor-lightbox-title=\"_MG_6842_1600\" data-e-action-hash=\"#elementor-action%3Aaction%3Dlightbox%26settings%3DeyJpZCI6MTM1NywidXJsIjoiaHR0cHM6XC9cL2ludGVybmF0aW9uYWxiZWFjaGhvdGVsLml0XC93cC1jb250ZW50XC91cGxvYWRzXC8yMDI1XC8wN1wvTUdfNjg0Ml8xNjAwLmpwZyIsInNsaWRlc2hvdyI6IjQwNjE3ZmIifQ%3D%3D\" href=\"https:\/\/internationalbeachhotel.it\/wp-content\/uploads\/2025\/07\/MG_6842_1600.jpg\"><figure class=\"swiper-slide-inner\"><img decoding=\"async\" class=\"swiper-slide-image\" src=\"https:\/\/internationalbeachhotel.it\/wp-content\/uploads\/2025\/07\/MG_6842_1600.jpg\" alt=\"_MG_6842_1600\" \/><\/figure><\/a><\/div><div class=\"swiper-slide\" role=\"group\" aria-roledescription=\"slide\" aria-label=\"3 von 3\"><a data-elementor-open-lightbox=\"yes\" data-elementor-lightbox-slideshow=\"40617fb\" data-elementor-lightbox-title=\"_MG_6855_1600\" data-e-action-hash=\"#elementor-action%3Aaction%3Dlightbox%26settings%3DeyJpZCI6MTM2MCwidXJsIjoiaHR0cHM6XC9cL2ludGVybmF0aW9uYWxiZWFjaGhvdGVsLml0XC93cC1jb250ZW50XC91cGxvYWRzXC8yMDI1XC8wN1wvTUdfNjg1NV8xNjAwLmpwZyIsInNsaWRlc2hvdyI6IjQwNjE3ZmIifQ%3D%3D\" href=\"https:\/\/internationalbeachhotel.it\/wp-content\/uploads\/2025\/07\/MG_6855_1600.jpg\"><figure class=\"swiper-slide-inner\"><img decoding=\"async\" class=\"swiper-slide-image\" src=\"https:\/\/internationalbeachhotel.it\/wp-content\/uploads\/2025\/07\/MG_6855_1600.jpg\" alt=\"_MG_6855_1600\" \/><\/figure><\/a><\/div>\t\t\t<\/div>\n\t\t\t\t\t\t\t\t\t\t\t\t<div class=\"elementor-swiper-button elementor-swiper-button-prev\" role=\"button\" tabindex=\"0\">\n\t\t\t\t\t\t<svg aria-hidden=\"true\" class=\"e-font-icon-svg e-eicon-chevron-left\" viewBox=\"0 0 1000 1000\" xmlns=\"http:\/\/www.w3.org\/2000\/svg\"><path d=\"M646 125C629 125 613 133 604 142L308 442C296 454 292 471 292 487 292 504 296 521 308 533L604 854C617 867 629 875 646 875 663 875 679 871 692 858 704 846 713 829 713 812 713 796 708 779 692 767L438 487 692 225C700 217 708 204 708 187 708 171 704 154 692 142 675 129 663 125 646 125Z\"><\/path><\/svg>\t\t\t\t\t<\/div>\n\t\t\t\t\t<div class=\"elementor-swiper-button elementor-swiper-button-next\" role=\"button\" tabindex=\"0\">\n\t\t\t\t\t\t<svg aria-hidden=\"true\" class=\"e-font-icon-svg e-eicon-chevron-right\" viewBox=\"0 0 1000 1000\" xmlns=\"http:\/\/www.w3.org\/2000\/svg\"><path d=\"M696 533C708 521 713 504 713 487 713 471 708 454 696 446L400 146C388 133 375 125 354 125 338 125 325 129 313 142 300 154 292 171 292 187 292 204 296 221 308 233L563 492 304 771C292 783 288 800 288 817 288 833 296 850 308 863 321 871 338 875 354 875 371 875 388 867 400 854L696 533Z\"><\/path><\/svg>\t\t\t\t\t<\/div>\n\t\t\t\t\n\t\t\t\t\t\t\t\t\t<\/div>\n\t\t\t\t\t\t<\/div>\n\t\t\t\t<\/div>\n\t\t\t\t<\/div>\n\t\t<div class=\"elementor-element elementor-element-b292705 e-con-full e-flex e-con e-child\" data-id=\"b292705\" data-element_type=\"container\">\n\t\t\t\t<div class=\"elementor-element elementor-element-e194276 elementor-invisible elementor-widget elementor-widget-heading\" data-id=\"e194276\" data-element_type=\"widget\" data-settings=\"{&quot;_animation&quot;:&quot;fadeInDown&quot;}\" data-widget_type=\"heading.default\">\n\t\t\t\t<div class=\"elementor-widget-container\">\n\t\t\t\t\t<h2 class=\"elementor-heading-title elementor-size-default\">Bankette f\u00fcr Zeremonien und Feste<\/h2>\t\t\t\t<\/div>\n\t\t\t\t<\/div>\n\t\t\t\t<div class=\"elementor-element elementor-element-f864155 elementor-invisible elementor-widget elementor-widget-text-editor\" data-id=\"f864155\" data-element_type=\"widget\" data-settings=\"{&quot;_animation&quot;:&quot;fadeInDown&quot;}\" data-widget_type=\"text-editor.default\">\n\t\t\t\t<div class=\"elementor-widget-container\">\n\t\t\t\t\t\t\t\t\t<div>Das Restaurant des \u201eHotel International Beach in Caorle ist der ideale Ort f\u00fcr Bankette, Meetings, Hochzeiten, private Partys und besondere Veranstaltungen. Es bietet einen tadellosen Service, personalisierte Men\u00fcs mit hochwertigen Produkten und eine\u201c raffinierte Atmosph\u00e4re, die jeden Anlass unvergesslich macht. Z\u00f6gern Sie nicht, uns f\u00fcr Informationen, Reservierungen oder zur gemeinsamen Gestaltung des perfekten Events nach Ihren W\u00fcnschen zu kontaktieren.<\/div>\t\t\t\t\t\t\t\t<\/div>\n\t\t\t\t<\/div>\n\t\t\t\t<\/div>\n\t\t\t\t<\/div>\n\t\t\t\t<\/div>\n\t\t\t\t<\/div>\n\t\t","protected":false},"excerpt":{"rendered":"<p>Restaurant Geschmack, Tradition und Eleganz Das Restaurant war schon immer eine der St\u00e4rken unseres Managements. Neben dem Genuss typischer Gerichte der venezianischen und insbesondere der \u201eCaorlotta\u201c-Tradition wird Sie unser K\u00fcchenchef mit der Kombination von Aromen und D\u00fcften \u00fcberraschen, die durch die raffinierte Pr\u00e4sentation der Speisen unterstrichen wird. Besondere Sorgfalt gilt den hochwertigen Rohstoffen, wobei regionale [&hellip;]<\/p>\n","protected":false},"author":1,"featured_media":0,"parent":0,"menu_order":0,"comment_status":"closed","ping_status":"closed","template":"elementor_header_footer","meta":{"_acf_changed":false,"footnotes":""},"class_list":["post-1433","page","type-page","status-publish","hentry"],"acf":[],"_links":{"self":[{"href":"https:\/\/internationalbeachhotel.it\/de\/wp-json\/wp\/v2\/pages\/1433","targetHints":{"allow":["GET"]}}],"collection":[{"href":"https:\/\/internationalbeachhotel.it\/de\/wp-json\/wp\/v2\/pages"}],"about":[{"href":"https:\/\/internationalbeachhotel.it\/de\/wp-json\/wp\/v2\/types\/page"}],"author":[{"embeddable":true,"href":"https:\/\/internationalbeachhotel.it\/de\/wp-json\/wp\/v2\/users\/1"}],"replies":[{"embeddable":true,"href":"https:\/\/internationalbeachhotel.it\/de\/wp-json\/wp\/v2\/comments?post=1433"}],"version-history":[{"count":4,"href":"https:\/\/internationalbeachhotel.it\/de\/wp-json\/wp\/v2\/pages\/1433\/revisions"}],"predecessor-version":[{"id":1589,"href":"https:\/\/internationalbeachhotel.it\/de\/wp-json\/wp\/v2\/pages\/1433\/revisions\/1589"}],"wp:attachment":[{"href":"https:\/\/internationalbeachhotel.it\/de\/wp-json\/wp\/v2\/media?parent=1433"}],"curies":[{"name":"wp","href":"https:\/\/api.w.org\/{rel}","templated":true}]}}